{"id":3124,"date":"2024-02-06T09:53:42","date_gmt":"2024-02-06T08:53:42","guid":{"rendered":"https:\/\/haitianinter.com\/homepage\/"},"modified":"2026-03-17T03:31:35","modified_gmt":"2026-03-17T02:31:35","slug":"homepage","status":"publish","type":"page","link":"https:\/\/haitianinter.com\/de\/","title":{"rendered":"Homepage"},"content":{"rendered":"<p>[et_pb_section fb_built=&#8220;1&#8243; fullwidth=&#8220;on&#8220; admin_label=&#8220;Header with Picture&#8220; module_class=&#8220;teaser-home&#8220; _builder_version=&#8220;4.23.1&#8243; _module_preset=&#8220;default&#8220; background_enable_color=&#8220;off&#8220; locked=&#8220;off&#8220; global_colors_info=&#8220;{}&#8220;][et_pb_fullwidth_header text_orientation=&#8220;right&#8220; header_fullscreen=&#8220;on&#8220; _builder_version=&#8220;4.27.0&#8243; _module_preset=&#8220;default&#8220; background_enable_color=&#8220;off&#8220; background_enable_image=&#8220;off&#8220; background_video_mp4=&#8220;https:\/\/haitianinter.com\/wp-content\/uploads\/sites\/3\/2024\/03\/JU_ZE_1_WEBTEASER_3640x2000_EN.mp4&#8243; custom_padding=&#8220;|0px||0px||&#8220; global_colors_info=&#8220;{}&#8220;][\/et_pb_fullwidth_header][\/et_pb_section][et_pb_section fb_built=&#8220;1&#8243; _builder_version=&#8220;4.23.1&#8243; _module_preset=&#8220;default&#8220; global_colors_info=&#8220;{}&#8220;][et_pb_row _builder_version=&#8220;4.23.1&#8243; _module_preset=&#8220;default&#8220; global_colors_info=&#8220;{}&#8220;][et_pb_column type=&#8220;4_4&#8243; _builder_version=&#8220;4.23.1&#8243; _module_preset=&#8220;default&#8220; global_colors_info=&#8220;{}&#8220;][et_pb_text _builder_version=&#8220;4.27.0&#8243; _module_preset=&#8220;default&#8220; global_colors_info=&#8220;{}&#8220;]<\/p>\n<h4 style=\"text-align: center\">Willkommen bei<\/h4>\n<h1 style=\"text-align: center\">Haitian International<\/h1>\n<p>[\/et_pb_text][\/et_pb_column][\/et_pb_row][et_pb_row module_class=&#8220;row-text-center&#8220; _builder_version=&#8220;4.23.1&#8243; _module_preset=&#8220;default&#8220; global_colors_info=&#8220;{}&#8220;][et_pb_column type=&#8220;4_4&#8243; _builder_version=&#8220;4.23.1&#8243; _module_preset=&#8220;default&#8220; global_colors_info=&#8220;{}&#8220;][et_pb_text _builder_version=&#8220;4.27.2&#8243; _module_preset=&#8220;default&#8220; global_colors_info=&#8220;{}&#8220;]<\/p>\n<h5>Als einer der weltweit f\u00fchrenden Hersteller von Spritzgie\u00dfmaschinen liefern wir hocheffiziente Anwendungsl\u00f6sungen in allen Kernm\u00e4rkten der modernen Kunststoffverarbeitung. \u00dcber alle Branchen hinweg stehen wir Ihnen als flexibler und leistungsstarker Partner bei allen Fragen zur Seite. <\/h5>\n<p>[\/et_pb_text][et_pb_button button_url=&#8220;\/company\/about-us\/&#8220; button_text=&#8220;\u00fcber uns&#8220; button_alignment=&#8220;center&#8220; _builder_version=&#8220;4.27.2&#8243; _module_preset=&#8220;default&#8220; background_layout=&#8220;dark&#8220; global_colors_info=&#8220;{}&#8220;][\/et_pb_button][\/et_pb_column][\/et_pb_row][\/et_pb_section][et_pb_section fb_built=&#8220;1&#8243; _builder_version=&#8220;4.27.0&#8243; _module_preset=&#8220;default&#8220; global_colors_info=&#8220;{}&#8220;][et_pb_row _builder_version=&#8220;4.27.0&#8243; _module_preset=&#8220;default&#8220; global_colors_info=&#8220;{}&#8220;][et_pb_column type=&#8220;4_4&#8243; _builder_version=&#8220;4.27.0&#8243; _module_preset=&#8220;default&#8220; global_colors_info=&#8220;{}&#8220;][et_pb_text _builder_version=&#8220;4.27.2&#8243; _module_preset=&#8220;default&#8220; global_colors_info=&#8220;{}&#8220;]<\/p>\n<h2 style=\"text-align: center\">Wir sind in Ihrer N\u00e4he<\/h2>\n<p>[\/et_pb_text][et_pb_image src=&#8220;https:\/\/haitianinter.com\/wp-content\/uploads\/sites\/3\/2024\/09\/Worldmap-on-light-background.png&#8220; title_text=&#8220;Weltkarte auf hellem Hintergrund&#8220; url=&#8220;@ET-DC@eyJkeW5hbWljIjp0cnVlLCJjb250ZW50IjoicG9zdF9saW5rX3VybF9wYWdlIiwic2V0dGluZ3MiOnsicG9zdF9pZCI6IjE4MjIiLCJlbmFibGVfaHRtbCI6Im9mZiJ9fQ==@&#8220; align=&#8220;center&#8220; _builder_version=&#8220;4.27.2&#8243; _dynamic_attributes=&#8220;url&#8220; _module_preset=&#8220;default&#8220; global_colors_info=&#8220;{}&#8220;][\/et_pb_image][et_pb_button button_url=&#8220;@ET-DC@eyJkeW5hbWljIjp0cnVlLCJjb250ZW50IjoicG9zdF9saW5rX3VybF9wYWdlIiwic2V0dGluZ3MiOnsicG9zdF9pZCI6IjE4MjIiLCJlbmFibGVfaHRtbCI6Im9mZiJ9fQ==@&#8220; button_text=&#8220;mehr&#8220; button_alignment=&#8220;center&#8220; _builder_version=&#8220;4.27.2&#8243; _dynamic_attributes=&#8220;button_url&#8220; _module_preset=&#8220;default&#8220; background_layout=&#8220;dark&#8220; global_colors_info=&#8220;{}&#8220;][\/et_pb_button][\/et_pb_column][\/et_pb_row][\/et_pb_section][et_pb_section fb_built=&#8220;1&#8243; admin_label=&#8220;Section\/Teaserbox with Text and Image&#8220; module_class=&#8220;section-text-image-box-withIcon noPadding-bottom&#8220; _builder_version=&#8220;4.27.0&#8243; locked=&#8220;off&#8220; global_colors_info=&#8220;{}&#8220;][et_pb_row column_structure=&#8220;1_2,1_2&#8243; make_equal=&#8220;on&#8220; admin_label=&#8220;row&#8220; _builder_version=&#8220;4.23.1&#8243; background_size=&#8220;initial&#8220; background_position=&#8220;top_left&#8220; background_repeat=&#8220;repeat&#8220; min_height_tablet=&#8220;&#8220; min_height_phone=&#8220;&#8220; min_height_last_edited=&#8220;on|desktop&#8220; custom_padding=&#8220;0px||0px||true|false&#8220; global_colors_info=&#8220;{}&#8220;][et_pb_column type=&#8220;1_2&#8243; module_class=&#8220;background&#8220; _builder_version=&#8220;4.23.1&#8243; background_image=&#8220;https:\/\/haitianinter.com\/wp-content\/uploads\/sites\/3\/2024\/03\/Technology-to-the-point_1040x1040.jpg&#8220; custom_padding=&#8220;|||&#8220; global_colors_info=&#8220;{}&#8220; custom_padding__hover=&#8220;|||&#8220;][\/et_pb_column][et_pb_column type=&#8220;1_2&#8243; _builder_version=&#8220;4.22.2&#8243; global_colors_info=&#8220;{}&#8220; custom_padding__hover=&#8220;|||&#8220;][et_pb_blurb image_icon_width=&#8220;30%&#8220; icon_alignment=&#8220;left&#8220; _builder_version=&#8220;4.27.4&#8243; _module_preset=&#8220;default&#8220; header_level=&#8220;h6&#8243; image_icon_custom_margin=&#8220;||0px||false|false&#8220; global_colors_info=&#8220;{}&#8220;]<\/p>\n<h4>Intelligente Technologie<\/h4>\n<h5>Entdecken Sie die n\u00e4chste Generation von energieeffizienten servohydraulischen und elektrischen Spritzgie\u00dfmaschinen. Entdecken Sie die intelligenten Funktionen von HT-XTEND, die flexible Integration und die offene Konnektivit\u00e4t f\u00fcr nahtlose MES-Kompatibilit\u00e4t. Technologie auf den Punkt gebracht!  <\/h5>\n<p>[\/et_pb_blurb][et_pb_button button_url=&#8220;@ET-DC@eyJkeW5hbWljIjp0cnVlLCJjb250ZW50IjoicG9zdF9saW5rX3VybF9wYWdlIiwic2V0dGluZ3MiOnsicG9zdF9pZCI6IjkxIiwiZW5hYmxlX2h0bWwiOiJvZmYifX0=@&#8220; button_text=&#8220;Produkte&#8220; _builder_version=&#8220;4.27.4&#8243; _dynamic_attributes=&#8220;button_url&#8220; _module_preset=&#8220;default&#8220; custom_button=&#8220;on&#8220; background_layout=&#8220;dark&#8220; mix_blend_mode=&#8220;soft-light&#8220; locked=&#8220;off&#8220; global_colors_info=&#8220;{}&#8220;][\/et_pb_button][\/et_pb_column][\/et_pb_row][\/et_pb_section][et_pb_section fb_built=&#8220;1&#8243; admin_label=&#8220;Section Text-Image-Box-light&#8220; module_class=&#8220;section-text-image-box noPadding-top noPadding-bottom&#8220; _builder_version=&#8220;4.27.0&#8243; _module_preset=&#8220;default&#8220; background_enable_color=&#8220;off&#8220; background_enable_image=&#8220;off&#8220; custom_margin=&#8220;||||false&#8220; locked=&#8220;off&#8220; global_colors_info=&#8220;{}&#8220;][et_pb_row column_structure=&#8220;1_2,1_2&#8243; use_custom_gutter=&#8220;on&#8220; make_equal=&#8220;on&#8220; module_class=&#8220;icon-mirror-right reverse&#8220; _builder_version=&#8220;4.27.2&#8243; _module_preset=&#8220;default&#8220; background_enable_color=&#8220;off&#8220; custom_padding=&#8220;0px||0px||true|false&#8220; global_colors_info=&#8220;{}&#8220;][et_pb_column type=&#8220;1_2&#8243; _builder_version=&#8220;4.27.0&#8243; _module_preset=&#8220;default&#8220; background_enable_color=&#8220;off&#8220; global_colors_info=&#8220;{}&#8220;][et_pb_text admin_label=&#8220;Headline&#8220; _builder_version=&#8220;4.27.4&#8243; _module_preset=&#8220;default&#8220; global_colors_info=&#8220;{}&#8220;]<\/p>\n<h4>Branchenspezifische L\u00f6sungen<\/h4>\n<p>[\/et_pb_text][et_pb_text admin_label=&#8220;Content&#8220; _builder_version=&#8220;4.22.2&#8243; _module_preset=&#8220;default&#8220; locked=&#8220;off&#8220; global_colors_info=&#8220;{}&#8220;]<\/p>\n<h5>Mit unseren intelligenten Spritzgie\u00dfmaschinen entwickeln wir ma\u00dfgeschneiderte Branchenl\u00f6sungen und innovative Konzepte f\u00fcr hocheffiziente, kundenspezifische Anwendungen. Als Einzelmaschinenl\u00f6sungen oder komplexe Fertigungszellen.   <\/h5>\n<p>[\/et_pb_text][et_pb_button button_text=&#8220;mehr&#8220; _builder_version=&#8220;4.27.4&#8243; _module_preset=&#8220;default&#8220; background_layout=&#8220;dark&#8220; global_colors_info=&#8220;{}&#8220;][\/et_pb_button][\/et_pb_column][et_pb_column type=&#8220;1_2&#8243; _builder_version=&#8220;4.27.2&#8243; _module_preset=&#8220;default&#8220; background_image=&#8220;https:\/\/haitianinter.com\/wp-content\/uploads\/sites\/3\/2024\/11\/Electronic_1040x1040.jpg&#8220; global_colors_info=&#8220;{}&#8220;][\/et_pb_column][\/et_pb_row][\/et_pb_section][et_pb_section fb_built=&#8220;1&#8243; admin_label=&#8220;Section\/Teaserbox with Text and Image&#8220; module_class=&#8220;section-text-image-box-withIcon noPadding-top noPadding-bottom&#8220; _builder_version=&#8220;4.27.0&#8243; locked=&#8220;off&#8220; global_colors_info=&#8220;{}&#8220;][et_pb_row column_structure=&#8220;1_2,1_2&#8243; make_equal=&#8220;on&#8220; admin_label=&#8220;row&#8220; _builder_version=&#8220;4.27.2&#8243; background_size=&#8220;initial&#8220; background_position=&#8220;top_left&#8220; background_repeat=&#8220;repeat&#8220; min_height_tablet=&#8220;&#8220; min_height_phone=&#8220;&#8220; min_height_last_edited=&#8220;on|desktop&#8220; custom_padding=&#8220;0px||0px||true|false&#8220; global_colors_info=&#8220;{}&#8220;][et_pb_column type=&#8220;1_2&#8243; module_class=&#8220;background&#8220; _builder_version=&#8220;4.27.2&#8243; background_image=&#8220;https:\/\/haitianinter.com\/wp-content\/uploads\/sites\/3\/2024\/11\/Solar-panels_1040x1040.jpg&#8220; custom_padding=&#8220;|||&#8220; global_colors_info=&#8220;{}&#8220; custom_padding__hover=&#8220;|||&#8220;][\/et_pb_column][et_pb_column type=&#8220;1_2&#8243; _builder_version=&#8220;4.22.2&#8243; global_colors_info=&#8220;{}&#8220; custom_padding__hover=&#8220;|||&#8220;][et_pb_blurb image_icon_width=&#8220;30%&#8220; icon_alignment=&#8220;left&#8220; _builder_version=&#8220;4.27.2&#8243; _module_preset=&#8220;default&#8220; header_level=&#8220;h6&#8243; image_icon_custom_margin=&#8220;||0px||false|false&#8220; global_colors_info=&#8220;{}&#8220;]<\/p>\n<h4>Wir k\u00fcmmern uns um Nachhaltigkeit<\/h4>\n<h5 class=\"p1\">&#8222;WE CARE&#8220; ist das gr\u00fcne Leitmotiv der gesamten Haitian Group in Bezug auf Nachhaltigkeit. Dazu geh\u00f6ren die sukzessive Optimierung von Energie- und Ressourceneinsparungen, verl\u00e4ssliche moderne und gr\u00fcne Technologien sowie eine gro\u00dfe Betonung der sozialen Verantwortung gegen\u00fcber unseren Mitarbeitern, Partnern und der Gesellschaft. <\/h5>\n<p>[\/et_pb_blurb][et_pb_button button_url=&#8220;@ET-DC@eyJkeW5hbWljIjp0cnVlLCJjb250ZW50IjoicG9zdF9saW5rX3VybF9wYWdlIiwic2V0dGluZ3MiOnsicG9zdF9pZCI6IjY4OTEiLCJlbmFibGVfaHRtbCI6Im9mZiJ9fQ==@&#8220; button_text=&#8220;ESG-Bericht&#8220; _builder_version=&#8220;4.27.2&#8243; _dynamic_attributes=&#8220;button_url&#8220; _module_preset=&#8220;default&#8220; custom_button=&#8220;on&#8220; background_layout=&#8220;dark&#8220; mix_blend_mode=&#8220;soft-light&#8220; locked=&#8220;off&#8220; global_colors_info=&#8220;{}&#8220;][\/et_pb_button][\/et_pb_column][\/et_pb_row][\/et_pb_section][et_pb_section fb_built=&#8220;1&#8243; admin_label=&#8220;Section Text-Image-Box-light&#8220; module_class=&#8220;section-text-image-box noPadding-top&#8220; _builder_version=&#8220;4.27.0&#8243; _module_preset=&#8220;default&#8220; background_enable_color=&#8220;off&#8220; background_enable_image=&#8220;off&#8220; custom_margin=&#8220;||||false&#8220; locked=&#8220;off&#8220; global_colors_info=&#8220;{}&#8220;][et_pb_row column_structure=&#8220;1_2,1_2&#8243; use_custom_gutter=&#8220;on&#8220; make_equal=&#8220;on&#8220; module_class=&#8220;icon-mirror-right reverse&#8220; _builder_version=&#8220;4.27.2&#8243; _module_preset=&#8220;default&#8220; background_enable_color=&#8220;off&#8220; custom_padding=&#8220;0px||0px||true|false&#8220; global_colors_info=&#8220;{}&#8220;][et_pb_column type=&#8220;1_2&#8243; _builder_version=&#8220;4.27.0&#8243; _module_preset=&#8220;default&#8220; background_enable_color=&#8220;off&#8220; global_colors_info=&#8220;{}&#8220;][et_pb_text admin_label=&#8220;Headline&#8220; _builder_version=&#8220;4.27.2&#8243; _module_preset=&#8220;default&#8220; global_colors_info=&#8220;{}&#8220;]<\/p>\n<h4>Solide wirtschaftliche Lage<\/h4>\n<p>[\/et_pb_text][et_pb_text admin_label=&#8220;Content&#8220; _builder_version=&#8220;4.27.4&#8243; _module_preset=&#8220;default&#8220; hover_enabled=&#8220;0&#8243; locked=&#8220;off&#8220; global_colors_info=&#8220;{}&#8220; sticky_enabled=&#8220;0&#8243;]<\/p>\n<h5>Haitian International Holding Ltd. ist ein b\u00f6rsennotiertes Unternehmen, das an der Hongkonger B\u00f6rse notiert ist.<\/h5>\n<h5>Die Einnahmen 2025 beliefen sich auf 17.733,2 Millionen RMB, was einem Anstieg von 10,0% gegen\u00fcber 2024 entspricht.<\/h5>\n<p>[\/et_pb_text][et_pb_button button_url=&#8220;@ET-DC@eyJkeW5hbWljIjp0cnVlLCJjb250ZW50IjoicG9zdF9saW5rX3VybF9wYWdlIiwic2V0dGluZ3MiOnsicG9zdF9pZCI6IjE0OTYiLCJlbmFibGVfaHRtbCI6Im9mZiJ9fQ==@&#8220; button_text=&#8220;Fakten &amp; Zahlen&#8220; _builder_version=&#8220;4.27.2&#8243; _dynamic_attributes=&#8220;button_url&#8220; _module_preset=&#8220;default&#8220; background_layout=&#8220;dark&#8220; global_colors_info=&#8220;{}&#8220;][\/et_pb_button][\/et_pb_column][et_pb_column type=&#8220;1_2&#8243; _builder_version=&#8220;4.27.2&#8243; _module_preset=&#8220;default&#8220; background_image=&#8220;https:\/\/haitianinter.com\/wp-content\/uploads\/sites\/3\/2024\/11\/Reports_News.jpg&#8220; global_colors_info=&#8220;{}&#8220;][\/et_pb_column][\/et_pb_row][\/et_pb_section][et_pb_section fb_built=&#8220;1&#8243; admin_label=&#8220;News &#8211; Related Posts&#8220; module_class=&#8220;section-carousel-slider-post&#8220; _builder_version=&#8220;4.23.1&#8243; _module_preset=&#8220;default&#8220; global_colors_info=&#8220;{}&#8220;][et_pb_row _builder_version=&#8220;4.23.1&#8243; _module_preset=&#8220;default&#8220; global_colors_info=&#8220;{}&#8220;][et_pb_column type=&#8220;4_4&#8243; _builder_version=&#8220;4.23.1&#8243; _module_preset=&#8220;default&#8220; global_colors_info=&#8220;{}&#8220;][et_pb_text _builder_version=&#8220;4.27.0&#8243; _module_preset=&#8220;default&#8220; global_colors_info=&#8220;{}&#8220;]<\/p>\n<h3 style=\"text-align: center\">Aktuelles<\/h3>\n<p>[\/et_pb_text][\/et_pb_column][\/et_pb_row][et_pb_row _builder_version=&#8220;4.22.2&#8243; _module_preset=&#8220;default&#8220; locked=&#8220;off&#8220; global_colors_info=&#8220;{}&#8220;][et_pb_column type=&#8220;4_4&#8243; _builder_version=&#8220;4.22.2&#8243; _module_preset=&#8220;default&#8220; global_colors_info=&#8220;{}&#8220;][et_pb_blog_extras posts_number=&#8220;20&#8243; blog_layout=&#8220;slider&#8220; slider_layout=&#8220;vertical_grid&#8220; meta_date=&#8220;m\/j\/Y&#8220; excerpt_length=&#8220;100&#8243; use_read_more_button=&#8220;on&#8220; read_more_text=&#8220;more&#8220; show_author=&#8220;off&#8220; show_comments=&#8220;off&#8220; link_target=&#8220;on&#8220; slides_per_view=&#8220;3&#8243; slider_loop=&#8220;on&#8220; autoplay=&#8220;off&#8220; show_arrow=&#8220;on&#8220; show_arrow_on_hover=&#8220;on&#8220; slides_per_view_tablet=&#8220;2&#8243; slides_per_view_phone=&#8220;1&#8243; slides_per_view_last_edited=&#8220;on|phone&#8220; space_between_slides_tablet=&#8220;&#8220; space_between_slides_phone=&#8220;10px&#8220; space_between_slides_last_edited=&#8220;on|phone&#8220; _builder_version=&#8220;4.27.4&#8243; _module_preset=&#8220;default&#8220; header_level=&#8220;h4&#8243; read_more_alignment=&#8220;center&#8220; link_option_url_new_window=&#8220;on&#8220; global_colors_info=&#8220;{}&#8220;][\/et_pb_blog_extras][\/et_pb_column][\/et_pb_row][\/et_pb_section]<\/p>\n","protected":false},"excerpt":{"rendered":"<p>Willkommen bei Haitian InternationalAls einer der weltweit f\u00fchrenden Hersteller von Spritzgie\u00dfmaschinen liefern wir hocheffiziente Anwendungsl\u00f6sungen in allen Kernm\u00e4rkten der modernen Kunststoffverarbeitung. \u00dcber alle Branchen hinweg stehen wir Ihnen als flexibler und leistungsstarker Partner bei allen Fragen zur Seite. Wir sind in Ihrer N\u00e4heIntelligente Technologie Entdecken Sie die n\u00e4chste Generation von energieeffizienten servohydraulischen und elektrischen Spritzgie\u00dfmaschinen. [&hellip;]<\/p>\n","protected":false},"author":3,"featured_media":0,"parent":0,"menu_order":0,"comment_status":"closed","ping_status":"closed","template":"","meta":{"_et_pb_use_builder":"on","_et_pb_old_content":"","_et_gb_content_width":"","footnotes":""},"class_list":["post-3124","page","type-page","status-publish","hentry"],"yoast_head":"<!-- This site is optimized with the Yoast SEO plugin v27.2 - https:\/\/yoast.com\/product\/yoast-seo-wordpress\/ -->\n<title>Homepage - Haitian International<\/title>\n<meta name=\"robots\" content=\"index, follow, max-snippet:-1, max-image-preview:large, max-video-preview:-1\" \/>\n<link rel=\"canonical\" href=\"https:\/\/haitianinter.com\/de\/\" \/>\n<meta property=\"og:locale\" content=\"de_DE\" \/>\n<meta property=\"og:type\" content=\"article\" \/>\n<meta property=\"og:title\" content=\"Homepage - Haitian International\" \/>\n<meta property=\"og:description\" content=\"Willkommen bei Haitian InternationalAls einer der weltweit f\u00fchrenden Hersteller von Spritzgie\u00dfmaschinen liefern wir hocheffiziente Anwendungsl\u00f6sungen in allen Kernm\u00e4rkten der modernen Kunststoffverarbeitung. \u00dcber alle Branchen hinweg stehen wir Ihnen als flexibler und leistungsstarker Partner bei allen Fragen zur Seite. Wir sind in Ihrer N\u00e4heIntelligente Technologie Entdecken Sie die n\u00e4chste Generation von energieeffizienten servohydraulischen und elektrischen Spritzgie\u00dfmaschinen. [&hellip;]\" \/>\n<meta property=\"og:url\" content=\"https:\/\/haitianinter.com\/de\/\" \/>\n<meta property=\"og:site_name\" content=\"Haitian International\" \/>\n<meta property=\"article:modified_time\" content=\"2026-03-17T02:31:35+00:00\" \/>\n<meta name=\"twitter:card\" content=\"summary_large_image\" \/>\n<meta name=\"twitter:label1\" content=\"Gesch\u00e4tzte Lesezeit\" \/>\n\t<meta name=\"twitter:data1\" content=\"8\u00a0Minuten\" \/>\n<script type=\"application\/ld+json\" class=\"yoast-schema-graph\">{\"@context\":\"https:\/\/schema.org\",\"@graph\":[{\"@type\":\"WebPage\",\"@id\":\"https:\/\/haitianinter.com\/de\/\",\"url\":\"https:\/\/haitianinter.com\/de\/\",\"name\":\"Homepage - Haitian International\",\"isPartOf\":{\"@id\":\"https:\/\/haitianinter.com\/de\/#website\"},\"datePublished\":\"2024-02-06T08:53:42+00:00\",\"dateModified\":\"2026-03-17T02:31:35+00:00\",\"breadcrumb\":{\"@id\":\"https:\/\/haitianinter.com\/de\/#breadcrumb\"},\"inLanguage\":\"de\",\"potentialAction\":[{\"@type\":\"ReadAction\",\"target\":[\"https:\/\/haitianinter.com\/de\/\"]}]},{\"@type\":\"BreadcrumbList\",\"@id\":\"https:\/\/haitianinter.com\/de\/#breadcrumb\",\"itemListElement\":[{\"@type\":\"ListItem\",\"position\":1,\"name\":\"Home\",\"item\":\"https:\/\/haitianinter.com\/de\/\"},{\"@type\":\"ListItem\",\"position\":2,\"name\":\"Homepage\"}]},{\"@type\":\"WebSite\",\"@id\":\"https:\/\/haitianinter.com\/de\/#website\",\"url\":\"https:\/\/haitianinter.com\/de\/\",\"name\":\"Haitian International\",\"description\":\"We Create and Extend Advantage\",\"potentialAction\":[{\"@type\":\"SearchAction\",\"target\":{\"@type\":\"EntryPoint\",\"urlTemplate\":\"https:\/\/haitianinter.com\/de\/?s={search_term_string}\"},\"query-input\":{\"@type\":\"PropertyValueSpecification\",\"valueRequired\":true,\"valueName\":\"search_term_string\"}}],\"inLanguage\":\"de\"}]}<\/script>\n<!-- \/ Yoast SEO plugin. -->","yoast_head_json":{"title":"Homepage - Haitian International","robots":{"index":"index","follow":"follow","max-snippet":"max-snippet:-1","max-image-preview":"max-image-preview:large","max-video-preview":"max-video-preview:-1"},"canonical":"https:\/\/haitianinter.com\/de\/","og_locale":"de_DE","og_type":"article","og_title":"Homepage - Haitian International","og_description":"Willkommen bei Haitian InternationalAls einer der weltweit f\u00fchrenden Hersteller von Spritzgie\u00dfmaschinen liefern wir hocheffiziente Anwendungsl\u00f6sungen in allen Kernm\u00e4rkten der modernen Kunststoffverarbeitung. \u00dcber alle Branchen hinweg stehen wir Ihnen als flexibler und leistungsstarker Partner bei allen Fragen zur Seite. Wir sind in Ihrer N\u00e4heIntelligente Technologie Entdecken Sie die n\u00e4chste Generation von energieeffizienten servohydraulischen und elektrischen Spritzgie\u00dfmaschinen. [&hellip;]","og_url":"https:\/\/haitianinter.com\/de\/","og_site_name":"Haitian International","article_modified_time":"2026-03-17T02:31:35+00:00","twitter_card":"summary_large_image","twitter_misc":{"Gesch\u00e4tzte Lesezeit":"8\u00a0Minuten"},"schema":{"@context":"https:\/\/schema.org","@graph":[{"@type":"WebPage","@id":"https:\/\/haitianinter.com\/de\/","url":"https:\/\/haitianinter.com\/de\/","name":"Homepage - Haitian International","isPartOf":{"@id":"https:\/\/haitianinter.com\/de\/#website"},"datePublished":"2024-02-06T08:53:42+00:00","dateModified":"2026-03-17T02:31:35+00:00","breadcrumb":{"@id":"https:\/\/haitianinter.com\/de\/#breadcrumb"},"inLanguage":"de","potentialAction":[{"@type":"ReadAction","target":["https:\/\/haitianinter.com\/de\/"]}]},{"@type":"BreadcrumbList","@id":"https:\/\/haitianinter.com\/de\/#breadcrumb","itemListElement":[{"@type":"ListItem","position":1,"name":"Home","item":"https:\/\/haitianinter.com\/de\/"},{"@type":"ListItem","position":2,"name":"Homepage"}]},{"@type":"WebSite","@id":"https:\/\/haitianinter.com\/de\/#website","url":"https:\/\/haitianinter.com\/de\/","name":"Haitian International","description":"We Create and Extend Advantage","potentialAction":[{"@type":"SearchAction","target":{"@type":"EntryPoint","urlTemplate":"https:\/\/haitianinter.com\/de\/?s={search_term_string}"},"query-input":{"@type":"PropertyValueSpecification","valueRequired":true,"valueName":"search_term_string"}}],"inLanguage":"de"}]}},"_links":{"self":[{"href":"https:\/\/haitianinter.com\/de\/wp-json\/wp\/v2\/pages\/3124","targetHints":{"allow":["GET"]}}],"collection":[{"href":"https:\/\/haitianinter.com\/de\/wp-json\/wp\/v2\/pages"}],"about":[{"href":"https:\/\/haitianinter.com\/de\/wp-json\/wp\/v2\/types\/page"}],"author":[{"embeddable":true,"href":"https:\/\/haitianinter.com\/de\/wp-json\/wp\/v2\/users\/3"}],"replies":[{"embeddable":true,"href":"https:\/\/haitianinter.com\/de\/wp-json\/wp\/v2\/comments?post=3124"}],"version-history":[{"count":20,"href":"https:\/\/haitianinter.com\/de\/wp-json\/wp\/v2\/pages\/3124\/revisions"}],"predecessor-version":[{"id":25485,"href":"https:\/\/haitianinter.com\/de\/wp-json\/wp\/v2\/pages\/3124\/revisions\/25485"}],"wp:attachment":[{"href":"https:\/\/haitianinter.com\/de\/wp-json\/wp\/v2\/media?parent=3124"}],"curies":[{"name":"wp","href":"https:\/\/api.w.org\/{rel}","templated":true}]}}