{"id":3121,"date":"2024-03-17T17:20:44","date_gmt":"2024-03-17T16:20:44","guid":{"rendered":"https:\/\/haitianinter.com\/karriere\/senior-sales-cnc-europa\/"},"modified":"2025-04-25T14:44:25","modified_gmt":"2025-04-25T12:44:25","slug":"senior-sales-cnc-europe","status":"publish","type":"page","link":"https:\/\/haitianinter.com\/de\/career\/senior-sales-cnc-europe\/","title":{"rendered":"Senior Sales CNC Europa"},"content":{"rendered":"<p>[et_pb_section fb_built=&#8220;1&#8243; fullwidth=&#8220;on&#8220; module_class=&#8220;teaser-image-under-text&#8220; _builder_version=&#8220;4.22.2&#8243; _module_preset=&#8220;default&#8220; locked=&#8220;off&#8220; global_colors_info=&#8220;{}&#8220;][et_pb_fullwidth_header text_orientation=&#8220;center&#8220; header_fullscreen=&#8220;on&#8220; header_image_url=&#8220;https:\/\/haitianinter.com\/wp-content\/uploads\/sites\/3\/2024\/03\/Teaser-CNC-job.jpg&#8220; image_orientation=&#8220;bottom&#8220; _builder_version=&#8220;4.23.1&#8243; _module_preset=&#8220;default&#8220; background_enable_color=&#8220;off&#8220; background_layout=&#8220;light&#8220; hover_enabled=&#8220;0&#8243; global_colors_info=&#8220;{}&#8220; title_text=&#8220;Teaser CNC Job&#8220; sticky_enabled=&#8220;0&#8243;][\/et_pb_fullwidth_header][\/et_pb_section][et_pb_section fb_built=&#8220;1&#8243; _builder_version=&#8220;4.23.1&#8243; _module_preset=&#8220;default&#8220; custom_padding=&#8220;||4px||false|false&#8220; global_colors_info=&#8220;{}&#8220;][et_pb_row _builder_version=&#8220;4.23.1&#8243; _module_preset=&#8220;default&#8220; background_color=&#8220;RGBA(255,255,255,0)&#8220; custom_padding=&#8220;2px|||||&#8220; global_colors_info=&#8220;{}&#8220;][et_pb_column type=&#8220;4_4&#8243; _builder_version=&#8220;4.23.1&#8243; _module_preset=&#8220;default&#8220; global_colors_info=&#8220;{}&#8220;][et_pb_image src=&#8220;https:\/\/haitianinter.com\/wp-content\/uploads\/sites\/3\/2024\/01\/Metal_Golden.png&#8220; title_text=&#8220;Goldenes Metall&#8220; align=&#8220;center&#8220; _builder_version=&#8220;4.23.1&#8243; _module_preset=&#8220;default&#8220; width=&#8220;8%&#8220; custom_margin=&#8220;||10px||false|false&#8220; global_colors_info=&#8220;{}&#8220;][\/et_pb_image][et_pb_text _builder_version=&#8220;4.23.1&#8243; _module_preset=&#8220;default&#8220; header_3_font_size=&#8220;33px&#8220; custom_margin=&#8220;||10px||false|false&#8220; custom_padding=&#8220;||0px||false|false&#8220; global_colors_info=&#8220;{}&#8220;]<\/p>\n<h6 style=\"text-align: center\"><strong>Gesch\u00e4ftsbereich CNC<\/strong><\/h6>\n<h3 style=\"text-align: center\">Senior Sales Manager Europa (m\/w\/d)<\/h3>\n<h6 style=\"text-align: center\">Standort Ebermannsdorf, unbefristet, Berufserfahrung<\/h6>\n<p>[\/et_pb_text][et_pb_button button_url=&#8220;mailto:bmy14811@mail.haitian.com&#8220; button_text=&#8220;jetzt bewerben&#8220; button_alignment=&#8220;center&#8220; _builder_version=&#8220;4.23.1&#8243; _module_preset=&#8220;default&#8220; custom_button=&#8220;on&#8220; background_layout=&#8220;dark&#8220; custom_margin=&#8220;||18px||false|false&#8220; custom_padding=&#8220;5px||5px||false|false&#8220; mix_blend_mode=&#8220;soft-light&#8220; locked=&#8220;off&#8220; global_colors_info=&#8220;{}&#8220;][\/et_pb_button][\/et_pb_column][\/et_pb_row][\/et_pb_section][et_pb_section fb_built=&#8220;1&#8243; _builder_version=&#8220;4.23.1&#8243; _module_preset=&#8220;default&#8220; custom_padding=&#8220;2px||4px|||&#8220; global_colors_info=&#8220;{}&#8220;][et_pb_row column_structure=&#8220;1_5,3_5,1_5&#8243; disabled_on=&#8220;off|off|off&#8220; _builder_version=&#8220;4.23.1&#8243; _module_preset=&#8220;default&#8220; global_colors_info=&#8220;{}&#8220; custom_padding=&#8220;88px|||||&#8220;][et_pb_column type=&#8220;1_5&#8243; _builder_version=&#8220;4.23.1&#8243; _module_preset=&#8220;default&#8220; global_colors_info=&#8220;{}&#8220;][\/et_pb_column][et_pb_column type=&#8220;3_5&#8243; _builder_version=&#8220;4.23.1&#8243; _module_preset=&#8220;default&#8220; global_colors_info=&#8220;{}&#8220;][et_pb_text _builder_version=&#8220;4.23.1&#8243; _module_preset=&#8220;default&#8220; global_colors_info=&#8220;{}&#8220;]<\/p>\n<h3 style=\"text-align: center\">Das Stellenangebot gilt f\u00fcr unser Schwesterunternehmen Haitian Precision Germany, ebenfalls mit Sitz in Ebermannsdorf, Deutschland.<\/h3>\n<p>[\/et_pb_text][\/et_pb_column][et_pb_column type=&#8220;1_5&#8243; _builder_version=&#8220;4.23.1&#8243; _module_preset=&#8220;default&#8220; global_colors_info=&#8220;{}&#8220;][\/et_pb_column][\/et_pb_row][et_pb_row _builder_version=&#8220;4.23.1&#8243; _module_preset=&#8220;default&#8220; global_colors_info=&#8220;{}&#8220;][et_pb_column type=&#8220;4_4&#8243; _builder_version=&#8220;4.23.1&#8243; _module_preset=&#8220;default&#8220; global_colors_info=&#8220;{}&#8220;][et_pb_text _builder_version=&#8220;4.23.1&#8243; _module_preset=&#8220;default&#8220; text_line_height=&#8220;1.8em&#8220; global_colors_info=&#8220;{}&#8220;]<\/p>\n<div><a href=\"http:\/\/www.haitian-precision.com\" target=\"_blank\" rel=\"noopener\">Haitian Precision<\/a> ist ein renommierter Hersteller von CNC-Werkzeugmaschinen und ein b\u00f6rsennotiertes Unternehmen, das sich auf die Werkzeugmaschinenindustrie spezialisiert hat. Mit hochmodernen Produktionsanlagen in China stellen wir eine breite Palette hochwertiger CNC-Werkzeugmaschinen her.<\/div>\n<div><\/div>\n<div><\/div>\n<div><\/div>\n<div><\/div>\n<div><\/div>\n<div><\/div>\n<div>Als Senior Sales Manager Europe f\u00fcr unser CNC-Gesch\u00e4ft spielen Sie eine zentrale Rolle beim Aufbau und der Schaffung eines Vertriebsnetzes in ganz Europa. Ihr Hauptaugenmerk liegt auf der Erweiterung unseres Kundenstamms, der Entwicklung starker Kundenbeziehungen und der Identifizierung neuer Gesch\u00e4ftsm\u00f6glichkeiten, die im Einklang mit unserer Unternehmensstrategie stehen. Dar\u00fcber hinaus sind Sie f\u00fcr die Pflege potenzieller Kundenkontakte verantwortlich und begleiten diese durch den gesamten Verkaufsprozess.  <\/div>\n<h3><\/h3>\n<h3><\/h3>\n<h3>Ihre Verantwortlichkeiten<span> <\/span><\/h3>\n<ul>\n<li>Entwicklung einer umfassenden Vertriebsstrategie f\u00fcr den europ\u00e4ischen Markt im Bereich der CNC-Maschinen, einschlie\u00dflich des Auf- und Ausbaus eines VertriebsnetzesIdentifizierung und Verfolgung neuer Gesch\u00e4ftsm\u00f6glichkeiten, die im Einklang mit unserer Unternehmensstrategie stehen<\/li>\n<li><span> F\u00f6rderung und Pr\u00e4sentation unseres Angebots an CNC-Produkten und -Dienstleistungen bei Kunden<\/span><\/li>\n<li><span>Verhandlung und Abschluss von Gesch\u00e4ften mit KundenZusammenarbeit mit dem internen Team bei Angebotsanfragen (RFQs) und Unterst\u00fctzung des Verkaufsprozesses<\/span><\/li>\n<li>Aktive Teilnahme an einschl\u00e4gigen Branchenveranstaltungen, Messen und Konferenzen, um das Profil des Unternehmens zu sch\u00e4rfen und neue Gesch\u00e4ftsm\u00f6glichkeiten zu ermitteln<\/li>\n<li>Enge Zusammenarbeit mit anderen Abteilungen wie Produktentwicklung, Marketing und Kundendienst, um eine kundenorientierte L\u00f6sung anzubieten und das Produktangebot kontinuierlich zu verbessernBudgetplanung und -kontrolle f\u00fcr die Vertriebsabteilung und regelm\u00e4\u00dfige Berichterstattung an das Management<\/li>\n<li>\u00dcberwachung und Berichterstattung \u00fcber Kundenzufriedenheit und Projektfeedback<\/li>\n<\/ul>\n<h3><\/h3>\n<h3>Ihr Profil<\/h3>\n<ul>\n<li>Sie haben w\u00fcnschenswerter Weise einen Abschluss in einer verwandten technischen Disziplin<\/li>\n<li>Ausgezeichnete Kommunikationsf\u00e4higkeiten mit flie\u00dfendem Englisch (unerl\u00e4sslich), andere europ\u00e4ische Sprachen sind von Vorteil<\/li>\n<li>Ausgepr\u00e4gtes technisches Verkaufs- und Verhandlungsgeschick<\/li>\n<li>Nachgewiesene F\u00fchrungsqualit\u00e4ten<\/li>\n<li>Erfahrung im Auf- und Ausbau von Vertriebsnetzen und im Umgang mit internationalen Kunden und Partnern<\/li>\n<li>Ein solides Verst\u00e4ndnis der Dienstleistungen des Unternehmens und der CNC-Maschinenindustrie<\/li>\n<li>F\u00e4higkeit, unter Druck zu arbeiten, global zu agieren und effektiv im Team zu arbeiten<\/li>\n<li>Strategisches Denken, ein hohes Ma\u00df an Eigeninitiative und Ergebnisorientierung<\/li>\n<li>Mindestens 5+ Jahre Erfahrung im technischen\/kaufm\u00e4nnischen Bereich, idealerweise im Vertrieb oder in der Gesch\u00e4ftsentwicklung f\u00fcr ein technisches Beratungsunternehmen<\/li>\n<\/ul>\n<div><\/div>\n<h3><\/h3>\n<h3>Unser Angebot<\/h3>\n<div><\/div>\n<ul>\n<li>Ein zukunftsorientierter Arbeitsplatz mit fester Anstellung<\/li>\n<li>Flache Hierarchien &amp; selbst\u00e4ndiges ArbeitenIntensive, auf Ihre individuellen Bed\u00fcrfnisse zugeschnittene Schulungen<\/li>\n<li>Ein attraktives Gehalt<\/li>\n<li>Sozialleistungen und Zusatzleistungen<\/li>\n<\/ul>\n<div><\/div>\n<div><\/div>\n<div><\/div>\n<div><\/div>\n<div><\/div>\n<div>Wenn Sie eine ehrgeizige und ergebnisorientierte Fachkraft mit einer Leidenschaft f\u00fcr den Verkauf und einem soliden technischen Hintergrund sind, laden wir Sie ein, unser dynamisches Team bei Haitian Precision zu verst\u00e4rken. Wenn wir Ihr Interesse geweckt haben, senden Sie bitte Ihre ausf\u00fchrlichen Bewerbungsunterlagen (einschlie\u00dflich Ihrer Gehaltsvorstellungen) unter Angabe Ihres fr\u00fchestm\u00f6glichen Eintrittstermins per E-Mail an unseren zust\u00e4ndigen Manager f\u00fcr Europa, Herrn Bao Mengyang. <\/div>\n<p>[\/et_pb_text][et_pb_button button_url=&#8220;mailto:bmy14811@mail.haitian.com&#8220; button_text=&#8220;jetzt bewerben&#8220; button_alignment=&#8220;left&#8220; _builder_version=&#8220;4.23.1&#8243; _module_preset=&#8220;default&#8220; custom_button=&#8220;on&#8220; background_layout=&#8220;dark&#8220; custom_margin=&#8220;||18px||false|false&#8220; custom_padding=&#8220;5px||5px||false|false&#8220; mix_blend_mode=&#8220;soft-light&#8220; locked=&#8220;off&#8220; global_colors_info=&#8220;{}&#8220;][\/et_pb_button][\/et_pb_column][\/et_pb_row][\/et_pb_section][et_pb_section fb_built=&#8220;1&#8243; _builder_version=&#8220;4.23.1&#8243; _module_preset=&#8220;default&#8220; custom_padding=&#8220;2px|||||&#8220; global_colors_info=&#8220;{}&#8220;][et_pb_row _builder_version=&#8220;4.23.1&#8243; _module_preset=&#8220;default&#8220; global_colors_info=&#8220;{}&#8220;][et_pb_column type=&#8220;4_4&#8243; _builder_version=&#8220;4.23.1&#8243; _module_preset=&#8220;default&#8220; global_colors_info=&#8220;{}&#8220;][et_pb_text _builder_version=&#8220;4.23.1&#8243; _module_preset=&#8220;default&#8220; global_colors_info=&#8220;{}&#8220;]<\/p>\n<p><a href=\"https:\/\/haitianinter.com\/de\/career\/\">Zur\u00fcck zur Karriereseite<\/a><\/p>\n<p>[\/et_pb_text][\/et_pb_column][\/et_pb_row][\/et_pb_section]<\/p>\n","protected":false},"excerpt":{"rendered":"<p>Gesch\u00e4ftsbereich CNC Senior Sales Manager Europa (m\/w\/d) Standort Ebermannsdorf, unbefristet, BerufserfahrungDas Stellenangebot gilt f\u00fcr unser Schwesterunternehmen Haitian Precision Germany, ebenfalls mit Sitz in Ebermannsdorf, Deutschland.Haitian Precision ist ein renommierter Hersteller von CNC-Werkzeugmaschinen und ein b\u00f6rsennotiertes Unternehmen, das sich auf die Werkzeugmaschinenindustrie spezialisiert hat. Mit hochmodernen Produktionsanlagen in China stellen wir eine breite Palette hochwertiger CNC-Werkzeugmaschinen [&hellip;]<\/p>\n","protected":false},"author":4,"featured_media":0,"parent":2450,"menu_order":0,"comment_status":"closed","ping_status":"closed","template":"","meta":{"_et_pb_use_builder":"on","_et_pb_old_content":"","_et_gb_content_width":"","footnotes":""},"class_list":["post-3121","page","type-page","status-publish","hentry"],"yoast_head":"<!-- This site is optimized with the Yoast SEO plugin v27.2 - https:\/\/yoast.com\/product\/yoast-seo-wordpress\/ -->\n<title>Senior Sales CNC Europa - Haitian International<\/title>\n<meta name=\"robots\" content=\"index, follow, max-snippet:-1, max-image-preview:large, max-video-preview:-1\" \/>\n<link rel=\"canonical\" href=\"https:\/\/haitianinter.com\/de\/career\/senior-sales-cnc-europe\/\" \/>\n<meta property=\"og:locale\" content=\"de_DE\" \/>\n<meta property=\"og:type\" content=\"article\" \/>\n<meta property=\"og:title\" content=\"Senior Sales CNC Europa - Haitian International\" \/>\n<meta property=\"og:description\" content=\"Gesch\u00e4ftsbereich CNC Senior Sales Manager Europa (m\/w\/d) Standort Ebermannsdorf, unbefristet, BerufserfahrungDas Stellenangebot gilt f\u00fcr unser Schwesterunternehmen Haitian Precision Germany, ebenfalls mit Sitz in Ebermannsdorf, Deutschland.Haitian Precision ist ein renommierter Hersteller von CNC-Werkzeugmaschinen und ein b\u00f6rsennotiertes Unternehmen, das sich auf die Werkzeugmaschinenindustrie spezialisiert hat. Mit hochmodernen Produktionsanlagen in China stellen wir eine breite Palette hochwertiger CNC-Werkzeugmaschinen [&hellip;]\" \/>\n<meta property=\"og:url\" content=\"https:\/\/haitianinter.com\/de\/career\/senior-sales-cnc-europe\/\" \/>\n<meta property=\"og:site_name\" content=\"Haitian International\" \/>\n<meta property=\"article:modified_time\" content=\"2025-04-25T12:44:25+00:00\" \/>\n<meta name=\"twitter:card\" content=\"summary_large_image\" \/>\n<meta name=\"twitter:label1\" content=\"Gesch\u00e4tzte Lesezeit\" \/>\n\t<meta name=\"twitter:data1\" content=\"5\u00a0Minuten\" \/>\n<script type=\"application\/ld+json\" class=\"yoast-schema-graph\">{\"@context\":\"https:\/\/schema.org\",\"@graph\":[{\"@type\":\"WebPage\",\"@id\":\"https:\/\/haitianinter.com\/de\/career\/senior-sales-cnc-europe\/\",\"url\":\"https:\/\/haitianinter.com\/de\/career\/senior-sales-cnc-europe\/\",\"name\":\"Senior Sales CNC Europa - Haitian International\",\"isPartOf\":{\"@id\":\"https:\/\/haitianinter.com\/de\/#website\"},\"datePublished\":\"2024-03-17T16:20:44+00:00\",\"dateModified\":\"2025-04-25T12:44:25+00:00\",\"breadcrumb\":{\"@id\":\"https:\/\/haitianinter.com\/de\/career\/senior-sales-cnc-europe\/#breadcrumb\"},\"inLanguage\":\"de\",\"potentialAction\":[{\"@type\":\"ReadAction\",\"target\":[\"https:\/\/haitianinter.com\/de\/career\/senior-sales-cnc-europe\/\"]}]},{\"@type\":\"BreadcrumbList\",\"@id\":\"https:\/\/haitianinter.com\/de\/career\/senior-sales-cnc-europe\/#breadcrumb\",\"itemListElement\":[{\"@type\":\"ListItem\",\"position\":1,\"name\":\"Home\",\"item\":\"https:\/\/haitianinter.com\/de\/\"},{\"@type\":\"ListItem\",\"position\":2,\"name\":\"Karriere\",\"item\":\"https:\/\/haitianinter.com\/de\/career\/\"},{\"@type\":\"ListItem\",\"position\":3,\"name\":\"Senior Sales CNC Europa\"}]},{\"@type\":\"WebSite\",\"@id\":\"https:\/\/haitianinter.com\/de\/#website\",\"url\":\"https:\/\/haitianinter.com\/de\/\",\"name\":\"Haitian International\",\"description\":\"We Create and Extend Advantage\",\"potentialAction\":[{\"@type\":\"SearchAction\",\"target\":{\"@type\":\"EntryPoint\",\"urlTemplate\":\"https:\/\/haitianinter.com\/de\/?s={search_term_string}\"},\"query-input\":{\"@type\":\"PropertyValueSpecification\",\"valueRequired\":true,\"valueName\":\"search_term_string\"}}],\"inLanguage\":\"de\"}]}<\/script>\n<!-- \/ Yoast SEO plugin. -->","yoast_head_json":{"title":"Senior Sales CNC Europa - Haitian International","robots":{"index":"index","follow":"follow","max-snippet":"max-snippet:-1","max-image-preview":"max-image-preview:large","max-video-preview":"max-video-preview:-1"},"canonical":"https:\/\/haitianinter.com\/de\/career\/senior-sales-cnc-europe\/","og_locale":"de_DE","og_type":"article","og_title":"Senior Sales CNC Europa - Haitian International","og_description":"Gesch\u00e4ftsbereich CNC Senior Sales Manager Europa (m\/w\/d) Standort Ebermannsdorf, unbefristet, BerufserfahrungDas Stellenangebot gilt f\u00fcr unser Schwesterunternehmen Haitian Precision Germany, ebenfalls mit Sitz in Ebermannsdorf, Deutschland.Haitian Precision ist ein renommierter Hersteller von CNC-Werkzeugmaschinen und ein b\u00f6rsennotiertes Unternehmen, das sich auf die Werkzeugmaschinenindustrie spezialisiert hat. Mit hochmodernen Produktionsanlagen in China stellen wir eine breite Palette hochwertiger CNC-Werkzeugmaschinen [&hellip;]","og_url":"https:\/\/haitianinter.com\/de\/career\/senior-sales-cnc-europe\/","og_site_name":"Haitian International","article_modified_time":"2025-04-25T12:44:25+00:00","twitter_card":"summary_large_image","twitter_misc":{"Gesch\u00e4tzte Lesezeit":"5\u00a0Minuten"},"schema":{"@context":"https:\/\/schema.org","@graph":[{"@type":"WebPage","@id":"https:\/\/haitianinter.com\/de\/career\/senior-sales-cnc-europe\/","url":"https:\/\/haitianinter.com\/de\/career\/senior-sales-cnc-europe\/","name":"Senior Sales CNC Europa - Haitian International","isPartOf":{"@id":"https:\/\/haitianinter.com\/de\/#website"},"datePublished":"2024-03-17T16:20:44+00:00","dateModified":"2025-04-25T12:44:25+00:00","breadcrumb":{"@id":"https:\/\/haitianinter.com\/de\/career\/senior-sales-cnc-europe\/#breadcrumb"},"inLanguage":"de","potentialAction":[{"@type":"ReadAction","target":["https:\/\/haitianinter.com\/de\/career\/senior-sales-cnc-europe\/"]}]},{"@type":"BreadcrumbList","@id":"https:\/\/haitianinter.com\/de\/career\/senior-sales-cnc-europe\/#breadcrumb","itemListElement":[{"@type":"ListItem","position":1,"name":"Home","item":"https:\/\/haitianinter.com\/de\/"},{"@type":"ListItem","position":2,"name":"Karriere","item":"https:\/\/haitianinter.com\/de\/career\/"},{"@type":"ListItem","position":3,"name":"Senior Sales CNC Europa"}]},{"@type":"WebSite","@id":"https:\/\/haitianinter.com\/de\/#website","url":"https:\/\/haitianinter.com\/de\/","name":"Haitian International","description":"We Create and Extend Advantage","potentialAction":[{"@type":"SearchAction","target":{"@type":"EntryPoint","urlTemplate":"https:\/\/haitianinter.com\/de\/?s={search_term_string}"},"query-input":{"@type":"PropertyValueSpecification","valueRequired":true,"valueName":"search_term_string"}}],"inLanguage":"de"}]}},"_links":{"self":[{"href":"https:\/\/haitianinter.com\/de\/wp-json\/wp\/v2\/pages\/3121","targetHints":{"allow":["GET"]}}],"collection":[{"href":"https:\/\/haitianinter.com\/de\/wp-json\/wp\/v2\/pages"}],"about":[{"href":"https:\/\/haitianinter.com\/de\/wp-json\/wp\/v2\/types\/page"}],"author":[{"embeddable":true,"href":"https:\/\/haitianinter.com\/de\/wp-json\/wp\/v2\/users\/4"}],"replies":[{"embeddable":true,"href":"https:\/\/haitianinter.com\/de\/wp-json\/wp\/v2\/comments?post=3121"}],"version-history":[{"count":12,"href":"https:\/\/haitianinter.com\/de\/wp-json\/wp\/v2\/pages\/3121\/revisions"}],"predecessor-version":[{"id":18668,"href":"https:\/\/haitianinter.com\/de\/wp-json\/wp\/v2\/pages\/3121\/revisions\/18668"}],"up":[{"embeddable":true,"href":"https:\/\/haitianinter.com\/de\/wp-json\/wp\/v2\/pages\/2450"}],"wp:attachment":[{"href":"https:\/\/haitianinter.com\/de\/wp-json\/wp\/v2\/media?parent=3121"}],"curies":[{"name":"wp","href":"https:\/\/api.w.org\/{rel}","templated":true}]}}