{"id":3115,"date":"2023-12-02T14:02:27","date_gmt":"2023-12-02T13:02:27","guid":{"rendered":"https:\/\/haitianinter.com\/dienst\/ersatzteile-lagermaschinen\/"},"modified":"2025-04-25T14:40:57","modified_gmt":"2025-04-25T12:40:57","slug":"spare-parts","status":"publish","type":"page","link":"https:\/\/haitianinter.com\/de\/service\/spare-parts\/","title":{"rendered":"Ersatzteile &amp; Lagermaschinen"},"content":{"rendered":"<p>[et_pb_section fb_built=&#8220;1&#8243; fullwidth=&#8220;on&#8220; module_class=&#8220;teaser-image-under-text&#8220; _builder_version=&#8220;4.22.2&#8243; _module_preset=&#8220;default&#8220; locked=&#8220;off&#8220; global_colors_info=&#8220;{}&#8220;][et_pb_fullwidth_header title=&#8220;Ersatzteile &amp; Lagermaschinen&#8220; text_orientation=&#8220;center&#8220; header_fullscreen=&#8220;on&#8220; header_image_url=&#8220;https:\/\/haitianinter.com\/wp-content\/uploads\/sites\/3\/2024\/03\/Hall_Haitian_stock.jpg&#8220; image_orientation=&#8220;bottom&#8220; _builder_version=&#8220;4.23.1&#8243; _module_preset=&#8220;default&#8220; background_enable_color=&#8220;off&#8220; background_layout=&#8220;light&#8220; global_colors_info=&#8220;{}&#8220;][\/et_pb_fullwidth_header][\/et_pb_section][et_pb_section fb_built=&#8220;1&#8243; module_class=&#8220;section-content-center&#8220; _builder_version=&#8220;4.22.2&#8243; _module_preset=&#8220;default&#8220; locked=&#8220;off&#8220; global_colors_info=&#8220;{}&#8220;][et_pb_row _builder_version=&#8220;4.22.2&#8243; _module_preset=&#8220;default&#8220; locked=&#8220;off&#8220; global_colors_info=&#8220;{}&#8220;][et_pb_column type=&#8220;4_4&#8243; _builder_version=&#8220;4.22.2&#8243; _module_preset=&#8220;default&#8220; global_colors_info=&#8220;{}&#8220;][et_pb_text module_class=&#8220;content-center&#8220; _builder_version=&#8220;4.23.1&#8243; _module_preset=&#8220;default&#8220; global_colors_info=&#8220;{}&#8220;]<\/p>\n<h5>Wir wissen, wie wichtig der Faktor Zeit in Ihrer Produktion ist. Deshalb garantieren wir dank unseres umfangreichen Ersatzteillagers und der &#8222;Maschinen to Go&#8220; eine schnelle Reaktionsf\u00e4higkeit.<\/h5>\n<p>[\/et_pb_text][\/et_pb_column][\/et_pb_row][\/et_pb_section][et_pb_section fb_built=&#8220;1&#8243; _builder_version=&#8220;4.22.2&#8243; _module_preset=&#8220;default&#8220; global_colors_info=&#8220;{}&#8220;][et_pb_row column_structure=&#8220;1_3,1_3,1_3&#8243; module_class=&#8220;row-counter row-divider-counter&#8220; _builder_version=&#8220;4.23.1&#8243; _module_preset=&#8220;default&#8220; custom_padding=&#8220;0px||||false|false&#8220; global_colors_info=&#8220;{}&#8220;][et_pb_column type=&#8220;1_3&#8243; _builder_version=&#8220;4.22.2&#8243; _module_preset=&#8220;default&#8220; global_colors_info=&#8220;{}&#8220;][et_pb_number_counter title=&#8220;Ersatzteillager in ganz Europa&#8220; number=&#8220;10&#8243; percent_sign=&#8220;off&#8220; _builder_version=&#8220;4.23.1&#8243; _module_preset=&#8220;default&#8220; title_level=&#8220;h6&#8243; title_font=&#8220;|600|||||||&#8220; number_font=&#8220;|700|||||||&#8220; width=&#8220;70%&#8220; width_tablet=&#8220;40%&#8220; width_phone=&#8220;50%&#8220; width_last_edited=&#8220;on|phone&#8220; global_colors_info=&#8220;{}&#8220;][\/et_pb_number_counter][\/et_pb_column][et_pb_column type=&#8220;1_3&#8243; _builder_version=&#8220;4.22.2&#8243; _module_preset=&#8220;default&#8220; global_colors_info=&#8220;{}&#8220;][et_pb_number_counter title=&#8220;Verdoppelung des Lagerplatzes im Jahr 2023&#8243; number=&#8220;1,150 m2&#8243; percent_sign=&#8220;off&#8220; _builder_version=&#8220;4.23.1&#8243; _module_preset=&#8220;default&#8220; title_level=&#8220;h6&#8243; title_font=&#8220;|600|||||||&#8220; number_font=&#8220;|700|||||||&#8220; width=&#8220;70%&#8220; width_tablet=&#8220;40%&#8220; width_phone=&#8220;50%&#8220; width_last_edited=&#8220;on|phone&#8220; global_colors_info=&#8220;{}&#8220;][\/et_pb_number_counter][\/et_pb_column][et_pb_column type=&#8220;1_3&#8243; _builder_version=&#8220;4.22.2&#8243; _module_preset=&#8220;default&#8220; global_colors_info=&#8220;{}&#8220;][et_pb_number_counter title=&#8220;Experten koordinieren das Ersatzteilgesch\u00e4ft in Deutschland und Europa&#8220; number=&#8220;5&#8243; percent_sign=&#8220;off&#8220; _builder_version=&#8220;4.23.1&#8243; _module_preset=&#8220;default&#8220; title_level=&#8220;h6&#8243; title_font=&#8220;|600|||||||&#8220; number_font=&#8220;|700|||||||&#8220; width=&#8220;70%&#8220; width_tablet=&#8220;40%&#8220; width_phone=&#8220;50%&#8220; width_last_edited=&#8220;on|phone&#8220; global_colors_info=&#8220;{}&#8220;][\/et_pb_number_counter][\/et_pb_column][\/et_pb_row][\/et_pb_section][et_pb_section fb_built=&#8220;1&#8243; admin_label=&#8220;Section\/Teaserbox with Text and Image&#8220; module_class=&#8220;section-text-image-box-withIcon&#8220; _builder_version=&#8220;4.24.2&#8243; locked=&#8220;off&#8220; collapsed=&#8220;on&#8220; global_colors_info=&#8220;{}&#8220;][et_pb_row column_structure=&#8220;1_2,1_2&#8243; make_equal=&#8220;on&#8220; admin_label=&#8220;row&#8220; _builder_version=&#8220;4.24.2&#8243; background_size=&#8220;initial&#8220; background_position=&#8220;top_left&#8220; background_repeat=&#8220;repeat&#8220; min_height_tablet=&#8220;&#8220; min_height_phone=&#8220;&#8220; min_height_last_edited=&#8220;on|desktop&#8220; custom_padding=&#8220;0px||0px||true|false&#8220; hover_enabled=&#8220;0&#8243; global_colors_info=&#8220;{}&#8220; theme_builder_area=&#8220;post_content&#8220; sticky_enabled=&#8220;0&#8243;][et_pb_column type=&#8220;1_2&#8243; module_class=&#8220;background&#8220; _builder_version=&#8220;4.24.2&#8243; background_enable_image=&#8220;off&#8220; background_video_mp4=&#8220;https:\/\/haitianinter.com\/wp-content\/uploads\/sites\/3\/2024\/04\/Spare-Parts_edit_v01.mp4&#8243; custom_padding=&#8220;|||&#8220; hover_enabled=&#8220;0&#8243; global_colors_info=&#8220;{}&#8220; custom_padding__hover=&#8220;|||&#8220; theme_builder_area=&#8220;post_content&#8220; title_text=&#8220;Spare Parts Edit V01&#8243; sticky_enabled=&#8220;0&#8243;][\/et_pb_column][et_pb_column type=&#8220;1_2&#8243; _builder_version=&#8220;4.22.2&#8243; global_colors_info=&#8220;{}&#8220; custom_padding__hover=&#8220;|||&#8220; theme_builder_area=&#8220;post_content&#8220;][et_pb_blurb image_icon_width=&#8220;30%&#8220; icon_alignment=&#8220;left&#8220; _builder_version=&#8220;4.24.2&#8243; _module_preset=&#8220;default&#8220; header_level=&#8220;h6&#8243; image_icon_custom_margin=&#8220;||0px||false|false&#8220; hover_enabled=&#8220;0&#8243; global_colors_info=&#8220;{}&#8220; theme_builder_area=&#8220;post_content&#8220; sticky_enabled=&#8220;0&#8243;]<\/p>\n<h4>Zuverl\u00e4ssige Ersatzteilversorgung<\/h4>\n<h5>Mit einem umfangreichen Lager und einem schlagkr\u00e4ftigen Team stellen wir die Verf\u00fcgbarkeit kritischer Komponenten f\u00fcr einen reibungslosen Produktionsablauf ohne Ausfallzeiten sicher.<\/h5>\n<p>[\/et_pb_blurb][\/et_pb_column][\/et_pb_row][et_pb_row column_structure=&#8220;1_2,1_2&#8243; use_custom_gutter=&#8220;on&#8220; make_equal=&#8220;on&#8220; module_class=&#8220;icon-mirror-right&#8220; _builder_version=&#8220;4.23.1&#8243; _module_preset=&#8220;default&#8220; background_enable_color=&#8220;off&#8220; custom_padding=&#8220;0px||0px||true|false&#8220; global_colors_info=&#8220;{}&#8220;][et_pb_column type=&#8220;1_2&#8243; module_class=&#8220;light&#8220; _builder_version=&#8220;4.22.2&#8243; _module_preset=&#8220;default&#8220; background_enable_color=&#8220;off&#8220; global_colors_info=&#8220;{}&#8220;][et_pb_text admin_label=&#8220;Headline&#8220; _builder_version=&#8220;4.23.1&#8243; _module_preset=&#8220;default&#8220; global_colors_info=&#8220;{}&#8220;][\/et_pb_text][et_pb_text admin_label=&#8220;Content&#8220; _builder_version=&#8220;4.23.1&#8243; _module_preset=&#8220;default&#8220; locked=&#8220;off&#8220; global_colors_info=&#8220;{}&#8220;]<\/p>\n<h4>Maschinen to Go<\/h4>\n<h5>Unser Lagerbestand an Maschinen, einschlie\u00dflich der neuen Generation 5, garantiert kurze Lieferzeiten f\u00fcr Ihre Produktionsanforderungen \u2013 bei Bedarf erweitert\/optimiert nach Kundenwunsch.<\/h5>\n<p>[\/et_pb_text][et_pb_button _builder_version=&#8220;4.23.1&#8243; _module_preset=&#8220;default&#8220; background_layout=&#8220;dark&#8220; global_colors_info=&#8220;{}&#8220;][\/et_pb_button][\/et_pb_column][et_pb_column type=&#8220;1_2&#8243; _builder_version=&#8220;4.23.1&#8243; _module_preset=&#8220;default&#8220; background_image=&#8220;https:\/\/haitianinter.com\/wp-content\/uploads\/sites\/3\/2024\/03\/Arrival-G5.jpg&#8220; global_colors_info=&#8220;{}&#8220;][\/et_pb_column][\/et_pb_row][\/et_pb_section][et_pb_section fb_built=&#8220;1&#8243; disabled_on=&#8220;off|off|off&#8220; _builder_version=&#8220;4.23.1&#8243; _module_preset=&#8220;default&#8220; locked=&#8220;off&#8220; global_colors_info=&#8220;{}&#8220;][et_pb_row _builder_version=&#8220;4.23.1&#8243; _module_preset=&#8220;default&#8220; global_colors_info=&#8220;{}&#8220;][et_pb_column type=&#8220;4_4&#8243; _builder_version=&#8220;4.23.1&#8243; _module_preset=&#8220;default&#8220; global_colors_info=&#8220;{}&#8220;][et_pb_text _builder_version=&#8220;4.23.1&#8243; _module_preset=&#8220;default&#8220; text_text_color=&#8220;#143a84&#8243; header_text_color=&#8220;#143a84&#8243; header_3_text_color=&#8220;#143a84&#8243; text_orientation=&#8220;center&#8220; global_colors_info=&#8220;{}&#8220;]<\/p>\n<h3>Manager Ersatzteile<\/h3>\n<p>[\/et_pb_text][et_pb_team_member name=&#8220;Markus Weber&#8220; position=&#8220;Manager Ersatzteile&#8220; image_url=&#8220;https:\/\/haitianinter.com\/wp-content\/uploads\/sites\/3\/2024\/03\/Markus-Weber.jpg&#8220; db_email_addr=&#8220;markus.weber@haitiangermany.com&#8220; db_link_target=&#8220;on&#8220; _builder_version=&#8220;4.23.1&#8243; _module_preset=&#8220;default&#8220; header_level=&#8220;h6&#8243; text_orientation=&#8220;center&#8220; global_colors_info=&#8220;{}&#8220;]<\/p>\n<p>T: +49 (0) 9438 9439 270<\/p>\n<p><a href=\"mailto:\">Sende E-Mail<\/a> | <a>Kontaktdetails<\/a><\/p>\n<p>[\/et_pb_team_member][\/et_pb_column][\/et_pb_row][\/et_pb_section]<\/p>\n","protected":false},"excerpt":{"rendered":"<p>Wir wissen, wie wichtig der Faktor Zeit in Ihrer Produktion ist. Deshalb garantieren wir dank unseres umfangreichen Ersatzteillagers und der &#8222;Maschinen to Go&#8220; eine schnelle Reaktionsf\u00e4higkeit.Zuverl\u00e4ssige Ersatzteilversorgung Mit einem umfangreichen Lager und einem schlagkr\u00e4ftigen Team stellen wir die Verf\u00fcgbarkeit kritischer Komponenten f\u00fcr einen reibungslosen Produktionsablauf ohne Ausfallzeiten sicher.Maschinen to Go Unser Lagerbestand an Maschinen, einschlie\u00dflich [&hellip;]<\/p>\n","protected":false},"author":1,"featured_media":0,"parent":2988,"menu_order":0,"comment_status":"closed","ping_status":"closed","template":"","meta":{"_et_pb_use_builder":"on","_et_pb_old_content":"","_et_gb_content_width":"","footnotes":""},"class_list":["post-3115","page","type-page","status-publish","hentry"],"yoast_head":"<!-- This site is optimized with the Yoast SEO plugin v27.2 - https:\/\/yoast.com\/product\/yoast-seo-wordpress\/ -->\n<title>Ersatzteile &amp; Lagermaschinen - Haitian International<\/title>\n<meta name=\"robots\" content=\"index, follow, max-snippet:-1, max-image-preview:large, max-video-preview:-1\" \/>\n<link rel=\"canonical\" href=\"https:\/\/haitianinter.com\/de\/service\/spare-parts\/\" \/>\n<meta property=\"og:locale\" content=\"de_DE\" \/>\n<meta property=\"og:type\" content=\"article\" \/>\n<meta property=\"og:title\" content=\"Ersatzteile &amp; Lagermaschinen - Haitian International\" \/>\n<meta property=\"og:description\" content=\"Wir wissen, wie wichtig der Faktor Zeit in Ihrer Produktion ist. Deshalb garantieren wir dank unseres umfangreichen Ersatzteillagers und der &quot;Maschinen to Go&quot; eine schnelle Reaktionsf\u00e4higkeit.Zuverl\u00e4ssige Ersatzteilversorgung Mit einem umfangreichen Lager und einem schlagkr\u00e4ftigen Team stellen wir die Verf\u00fcgbarkeit kritischer Komponenten f\u00fcr einen reibungslosen Produktionsablauf ohne Ausfallzeiten sicher.Maschinen to Go Unser Lagerbestand an Maschinen, einschlie\u00dflich [&hellip;]\" \/>\n<meta property=\"og:url\" content=\"https:\/\/haitianinter.com\/de\/service\/spare-parts\/\" \/>\n<meta property=\"og:site_name\" content=\"Haitian International\" \/>\n<meta property=\"article:modified_time\" content=\"2025-04-25T12:40:57+00:00\" \/>\n<meta name=\"twitter:card\" content=\"summary_large_image\" \/>\n<meta name=\"twitter:label1\" content=\"Gesch\u00e4tzte Lesezeit\" \/>\n\t<meta name=\"twitter:data1\" content=\"5\u00a0Minuten\" \/>\n<script type=\"application\/ld+json\" class=\"yoast-schema-graph\">{\"@context\":\"https:\/\/schema.org\",\"@graph\":[{\"@type\":\"WebPage\",\"@id\":\"https:\/\/haitianinter.com\/de\/service\/spare-parts\/\",\"url\":\"https:\/\/haitianinter.com\/de\/service\/spare-parts\/\",\"name\":\"Ersatzteile &amp; Lagermaschinen - Haitian International\",\"isPartOf\":{\"@id\":\"https:\/\/haitianinter.com\/de\/#website\"},\"datePublished\":\"2023-12-02T13:02:27+00:00\",\"dateModified\":\"2025-04-25T12:40:57+00:00\",\"breadcrumb\":{\"@id\":\"https:\/\/haitianinter.com\/de\/service\/spare-parts\/#breadcrumb\"},\"inLanguage\":\"de\",\"potentialAction\":[{\"@type\":\"ReadAction\",\"target\":[\"https:\/\/haitianinter.com\/de\/service\/spare-parts\/\"]}]},{\"@type\":\"BreadcrumbList\",\"@id\":\"https:\/\/haitianinter.com\/de\/service\/spare-parts\/#breadcrumb\",\"itemListElement\":[{\"@type\":\"ListItem\",\"position\":1,\"name\":\"Home\",\"item\":\"https:\/\/haitianinter.com\/de\/\"},{\"@type\":\"ListItem\",\"position\":2,\"name\":\"Service\",\"item\":\"https:\/\/haitianinter.com\/de\/?page_id=2988\"},{\"@type\":\"ListItem\",\"position\":3,\"name\":\"Ersatzteile &amp; Lagermaschinen\"}]},{\"@type\":\"WebSite\",\"@id\":\"https:\/\/haitianinter.com\/de\/#website\",\"url\":\"https:\/\/haitianinter.com\/de\/\",\"name\":\"Haitian International\",\"description\":\"We Create and Extend Advantage\",\"potentialAction\":[{\"@type\":\"SearchAction\",\"target\":{\"@type\":\"EntryPoint\",\"urlTemplate\":\"https:\/\/haitianinter.com\/de\/?s={search_term_string}\"},\"query-input\":{\"@type\":\"PropertyValueSpecification\",\"valueRequired\":true,\"valueName\":\"search_term_string\"}}],\"inLanguage\":\"de\"}]}<\/script>\n<!-- \/ Yoast SEO plugin. -->","yoast_head_json":{"title":"Ersatzteile &amp; Lagermaschinen - Haitian International","robots":{"index":"index","follow":"follow","max-snippet":"max-snippet:-1","max-image-preview":"max-image-preview:large","max-video-preview":"max-video-preview:-1"},"canonical":"https:\/\/haitianinter.com\/de\/service\/spare-parts\/","og_locale":"de_DE","og_type":"article","og_title":"Ersatzteile &amp; Lagermaschinen - Haitian International","og_description":"Wir wissen, wie wichtig der Faktor Zeit in Ihrer Produktion ist. Deshalb garantieren wir dank unseres umfangreichen Ersatzteillagers und der \"Maschinen to Go\" eine schnelle Reaktionsf\u00e4higkeit.Zuverl\u00e4ssige Ersatzteilversorgung Mit einem umfangreichen Lager und einem schlagkr\u00e4ftigen Team stellen wir die Verf\u00fcgbarkeit kritischer Komponenten f\u00fcr einen reibungslosen Produktionsablauf ohne Ausfallzeiten sicher.Maschinen to Go Unser Lagerbestand an Maschinen, einschlie\u00dflich [&hellip;]","og_url":"https:\/\/haitianinter.com\/de\/service\/spare-parts\/","og_site_name":"Haitian International","article_modified_time":"2025-04-25T12:40:57+00:00","twitter_card":"summary_large_image","twitter_misc":{"Gesch\u00e4tzte Lesezeit":"5\u00a0Minuten"},"schema":{"@context":"https:\/\/schema.org","@graph":[{"@type":"WebPage","@id":"https:\/\/haitianinter.com\/de\/service\/spare-parts\/","url":"https:\/\/haitianinter.com\/de\/service\/spare-parts\/","name":"Ersatzteile &amp; Lagermaschinen - Haitian International","isPartOf":{"@id":"https:\/\/haitianinter.com\/de\/#website"},"datePublished":"2023-12-02T13:02:27+00:00","dateModified":"2025-04-25T12:40:57+00:00","breadcrumb":{"@id":"https:\/\/haitianinter.com\/de\/service\/spare-parts\/#breadcrumb"},"inLanguage":"de","potentialAction":[{"@type":"ReadAction","target":["https:\/\/haitianinter.com\/de\/service\/spare-parts\/"]}]},{"@type":"BreadcrumbList","@id":"https:\/\/haitianinter.com\/de\/service\/spare-parts\/#breadcrumb","itemListElement":[{"@type":"ListItem","position":1,"name":"Home","item":"https:\/\/haitianinter.com\/de\/"},{"@type":"ListItem","position":2,"name":"Service","item":"https:\/\/haitianinter.com\/de\/?page_id=2988"},{"@type":"ListItem","position":3,"name":"Ersatzteile &amp; Lagermaschinen"}]},{"@type":"WebSite","@id":"https:\/\/haitianinter.com\/de\/#website","url":"https:\/\/haitianinter.com\/de\/","name":"Haitian International","description":"We Create and Extend Advantage","potentialAction":[{"@type":"SearchAction","target":{"@type":"EntryPoint","urlTemplate":"https:\/\/haitianinter.com\/de\/?s={search_term_string}"},"query-input":{"@type":"PropertyValueSpecification","valueRequired":true,"valueName":"search_term_string"}}],"inLanguage":"de"}]}},"_links":{"self":[{"href":"https:\/\/haitianinter.com\/de\/wp-json\/wp\/v2\/pages\/3115","targetHints":{"allow":["GET"]}}],"collection":[{"href":"https:\/\/haitianinter.com\/de\/wp-json\/wp\/v2\/pages"}],"about":[{"href":"https:\/\/haitianinter.com\/de\/wp-json\/wp\/v2\/types\/page"}],"author":[{"embeddable":true,"href":"https:\/\/haitianinter.com\/de\/wp-json\/wp\/v2\/users\/1"}],"replies":[{"embeddable":true,"href":"https:\/\/haitianinter.com\/de\/wp-json\/wp\/v2\/comments?post=3115"}],"version-history":[{"count":7,"href":"https:\/\/haitianinter.com\/de\/wp-json\/wp\/v2\/pages\/3115\/revisions"}],"predecessor-version":[{"id":3897,"href":"https:\/\/haitianinter.com\/de\/wp-json\/wp\/v2\/pages\/3115\/revisions\/3897"}],"up":[{"embeddable":true,"href":"https:\/\/haitianinter.com\/de\/wp-json\/wp\/v2\/pages\/2988"}],"wp:attachment":[{"href":"https:\/\/haitianinter.com\/de\/wp-json\/wp\/v2\/media?parent=3115"}],"curies":[{"name":"wp","href":"https:\/\/api.w.org\/{rel}","templated":true}]}}