{"id":18686,"date":"2024-07-22T08:46:19","date_gmt":"2024-07-22T06:46:19","guid":{"rendered":"https:\/\/haitianinter.com\/testseite-cn\/"},"modified":"2025-04-25T14:44:40","modified_gmt":"2025-04-25T12:44:40","slug":"test-page-cn__trashed","status":"publish","type":"page","link":"https:\/\/haitianinter.com\/de\/test-page-cn__trashed\/","title":{"rendered":"Testseite CN"},"content":{"rendered":"<p>[et_pb_section fb_built=&#8220;1&#8243; fullwidth=&#8220;on&#8220; module_class=&#8220;teaser-image-under-text&#8220; _builder_version=&#8220;4.22.2&#8243; _module_preset=&#8220;default&#8220; locked=&#8220;off&#8220; global_colors_info=&#8220;{}&#8220; theme_builder_area=&#8220;post_content&#8220;][et_pb_fullwidth_header text_orientation=&#8220;center&#8220; header_fullscreen=&#8220;on&#8220; header_image_url=&#8220;https:\/\/haitianinter.com\/wp-content\/uploads\/sites\/3\/2024\/03\/Company_Career.jpg&#8220; image_orientation=&#8220;bottom&#8220; _builder_version=&#8220;4.23.1&#8243; _module_preset=&#8220;default&#8220; background_enable_color=&#8220;off&#8220; background_layout=&#8220;light&#8220; global_colors_info=&#8220;{}&#8220; theme_builder_area=&#8220;post_content&#8220;][\/et_pb_fullwidth_header][\/et_pb_section][et_pb_section fb_built=&#8220;1&#8243; module_class=&#8220;noPadding-bottom noMargin-bottom&#8220; _builder_version=&#8220;4.23.1&#8243; _module_preset=&#8220;default&#8220; global_colors_info=&#8220;{}&#8220; locked=&#8220;off&#8220; theme_builder_area=&#8220;post_content&#8220;][et_pb_row module_class=&#8220;noPadding-bottom noMargin-bottom&#8220; _builder_version=&#8220;4.23.1&#8243; _module_preset=&#8220;default&#8220; global_colors_info=&#8220;{}&#8220; theme_builder_area=&#8220;post_content&#8220;][et_pb_column type=&#8220;4_4&#8243; _builder_version=&#8220;4.23.1&#8243; _module_preset=&#8220;default&#8220; global_colors_info=&#8220;{}&#8220; theme_builder_area=&#8220;post_content&#8220;][et_pb_text _builder_version=&#8220;4.25.1&#8243; _module_preset=&#8220;default&#8220; text_orientation=&#8220;center&#8220; hover_enabled=&#8220;0&#8243; global_colors_info=&#8220;{}&#8220; sticky_enabled=&#8220;0&#8243; theme_builder_area=&#8220;post_content&#8220;]<\/p>\n<h4>h4:Werden Sie Teil der #haitianfamily<\/h4>\n<h1>H1:Karriere<\/h1>\n<p>[\/et_pb_text][\/et_pb_column][\/et_pb_row][\/et_pb_section][et_pb_section fb_built=&#8220;1&#8243; _builder_version=&#8220;4.23.1&#8243; _module_preset=&#8220;default&#8220; custom_padding=&#8220;||||false|false&#8220; hover_enabled=&#8220;0&#8243; global_colors_info=&#8220;{}&#8220; locked=&#8220;off&#8220; theme_builder_area=&#8220;post_content&#8220; sticky_enabled=&#8220;0&#8243;][et_pb_row _builder_version=&#8220;4.23.1&#8243; _module_preset=&#8220;default&#8220; global_colors_info=&#8220;{}&#8220; theme_builder_area=&#8220;post_content&#8220;][et_pb_column type=&#8220;4_4&#8243; _builder_version=&#8220;4.23.1&#8243; _module_preset=&#8220;default&#8220; global_colors_info=&#8220;{}&#8220; theme_builder_area=&#8220;post_content&#8220;][et_pb_text _builder_version=&#8220;4.25.1&#8243; _module_preset=&#8220;default&#8220; hover_enabled=&#8220;0&#8243; global_colors_info=&#8220;{}&#8220; sticky_enabled=&#8220;0&#8243; theme_builder_area=&#8220;post_content&#8220;]<\/p>\n<h2 style=\"text-align: center;\">h2: Haitian International ist einer der weltweit f\u00fchrenden Hersteller von Spritzgie\u00dfmaschinen und ist auf allen wichtigen M\u00e4rkten der Welt vertreten.  <\/h2>\n<p>[\/et_pb_text][\/et_pb_column][\/et_pb_row][\/et_pb_section][et_pb_section fb_built=&#8220;1&#8243; _builder_version=&#8220;4.23.1&#8243; _module_preset=&#8220;default&#8220; custom_padding=&#8220;||||false|false&#8220; global_colors_info=&#8220;{}&#8220; locked=&#8220;off&#8220; theme_builder_area=&#8220;post_content&#8220;][et_pb_row _builder_version=&#8220;4.23.1&#8243; _module_preset=&#8220;default&#8220; global_colors_info=&#8220;{}&#8220; theme_builder_area=&#8220;post_content&#8220;][et_pb_column type=&#8220;4_4&#8243; _builder_version=&#8220;4.23.1&#8243; _module_preset=&#8220;default&#8220; global_colors_info=&#8220;{}&#8220; theme_builder_area=&#8220;post_content&#8220;][et_pb_text _builder_version=&#8220;4.25.1&#8243; _module_preset=&#8220;default&#8220; hover_enabled=&#8220;0&#8243; global_colors_info=&#8220;{}&#8220; sticky_enabled=&#8220;0&#8243; theme_builder_area=&#8220;post_content&#8220;]<\/p>\n<p style=\"text-align: center;\">p: Haitian International ist einer der weltweit f\u00fchrenden Hersteller von Spritzgie\u00dfmaschinen und ist auf allen wichtigen M\u00e4rkten der Welt vertreten. Dieser Erfolg basiert auf mehr als 50 Jahren Erfahrung in der Entwicklung von anwendungsorientierten Maschinentechnologien \u2013 und die Erfolgsgeschichte geht weiter. Jahr f\u00fcr Jahr stellt Haitian neue Rekorde auf und w\u00e4chst weiter.<\/p>\n<p>[\/et_pb_text][\/et_pb_column][\/et_pb_row][\/et_pb_section][et_pb_section fb_built=&#8220;1&#8243; _builder_version=&#8220;4.23.1&#8243; _module_preset=&#8220;default&#8220; custom_padding=&#8220;||||false|false&#8220; global_colors_info=&#8220;{}&#8220; locked=&#8220;off&#8220; theme_builder_area=&#8220;post_content&#8220;][et_pb_row _builder_version=&#8220;4.23.1&#8243; _module_preset=&#8220;default&#8220; global_colors_info=&#8220;{}&#8220; theme_builder_area=&#8220;post_content&#8220;][et_pb_column type=&#8220;4_4&#8243; _builder_version=&#8220;4.23.1&#8243; _module_preset=&#8220;default&#8220; global_colors_info=&#8220;{}&#8220; theme_builder_area=&#8220;post_content&#8220;][et_pb_text _builder_version=&#8220;4.25.1&#8243; _module_preset=&#8220;default&#8220; hover_enabled=&#8220;0&#8243; global_colors_info=&#8220;{}&#8220; sticky_enabled=&#8220;0&#8243; theme_builder_area=&#8220;post_content&#8220;]<\/p>\n<h3 style=\"text-align: center;\">h3:Haitianisch International<\/h3>\n<h5 style=\"text-align: center;\">h5:ist einer der weltweit f\u00fchrenden Hersteller von Spritzgie\u00dfmaschinen und ist auf allen wichtigen M\u00e4rkten der Welt vertreten. Dieser Erfolg basiert auf mehr als 50 Jahren Erfahrung in der Entwicklung von anwendungsorientierten Maschinentechnologien \u2013 und die Erfolgsgeschichte geht weiter. Jahr f\u00fcr Jahr stellt Haitian neue Rekorde auf und w\u00e4chst weiter.<\/h5>\n<p>[\/et_pb_text][\/et_pb_column][\/et_pb_row][\/et_pb_section][et_pb_section fb_built=&#8220;1&#8243; admin_label=&#8220;Section Image-Text-Box-light&#8220; module_class=&#8220;section-text-image-box&#8220; _builder_version=&#8220;4.23.1&#8243; _module_preset=&#8220;default&#8220; custom_margin=&#8220;0px||||false|false&#8220; custom_padding=&#8220;0px||0px||false|false&#8220; locked=&#8220;off&#8220; global_colors_info=&#8220;{}&#8220; theme_builder_area=&#8220;post_content&#8220;][et_pb_row column_structure=&#8220;1_2,1_2&#8243; make_equal=&#8220;on&#8220; module_class=&#8220;icon-mirror-left&#8220; _builder_version=&#8220;4.23.1&#8243; _module_preset=&#8220;default&#8220; custom_margin=&#8220;||||true&#8220; custom_padding=&#8220;0px||0px||true|false&#8220; global_colors_info=&#8220;{}&#8220; theme_builder_area=&#8220;post_content&#8220;][et_pb_column type=&#8220;1_2&#8243; _builder_version=&#8220;4.23.1&#8243; _module_preset=&#8220;default&#8220; background_image=&#8220;https:\/\/haitianinter.com\/wp-content\/uploads\/sites\/3\/2024\/03\/Service_Training.jpg&#8220; global_colors_info=&#8220;{}&#8220; theme_builder_area=&#8220;post_content&#8220;][\/et_pb_column][et_pb_column type=&#8220;1_2&#8243; module_class=&#8220;light&#8220; _builder_version=&#8220;4.22.2&#8243; _module_preset=&#8220;default&#8220; background_enable_color=&#8220;off&#8220; global_colors_info=&#8220;{}&#8220; theme_builder_area=&#8220;post_content&#8220;][et_pb_text admin_label=&#8220;Headline&#8220; _builder_version=&#8220;4.25.1&#8243; _module_preset=&#8220;default&#8220; hover_enabled=&#8220;0&#8243; locked=&#8220;off&#8220; global_colors_info=&#8220;{}&#8220; theme_builder_area=&#8220;post_content&#8220; sticky_enabled=&#8220;0&#8243;]<\/p>\n<h4>h4:Sie sind ein Profi<\/h4>\n<h5><\/h5>\n<h5>h5:Sie haben bereits Berufserfahrung gesammelt und sind auf der Suche nach einer neuen Herausforderung, zum Beispiel im Bereich Engineering, Maschinenbau oder Automatisierungstechnik? Unsere Projekte werden Sie interessieren!<\/h5>\n<p>[\/et_pb_text][\/et_pb_column][\/et_pb_row][\/et_pb_section][et_pb_section fb_built=&#8220;1&#8243; admin_label=&#8220;Section\/Teaserbox with Text and Image&#8220; module_class=&#8220;section-text-image-box-withIcon&#8220; _builder_version=&#8220;4.22.2&#8243; locked=&#8220;off&#8220; global_colors_info=&#8220;{}&#8220; theme_builder_area=&#8220;post_content&#8220;][et_pb_row column_structure=&#8220;1_2,1_2&#8243; make_equal=&#8220;on&#8220; admin_label=&#8220;row&#8220; _builder_version=&#8220;4.23.1&#8243; background_size=&#8220;initial&#8220; background_position=&#8220;top_left&#8220; background_repeat=&#8220;repeat&#8220; min_height_tablet=&#8220;&#8220; min_height_phone=&#8220;&#8220; min_height_last_edited=&#8220;on|desktop&#8220; custom_padding=&#8220;0px||0px||true|false&#8220; global_colors_info=&#8220;{}&#8220; theme_builder_area=&#8220;post_content&#8220;][et_pb_column type=&#8220;1_2&#8243; module_class=&#8220;background&#8220; _builder_version=&#8220;4.23.1&#8243; background_image=&#8220;https:\/\/haitianinter.com\/wp-content\/uploads\/sites\/3\/2024\/03\/Technology-to-the-point_1040x1040.jpg&#8220; custom_padding=&#8220;|||&#8220; global_colors_info=&#8220;{}&#8220; custom_padding__hover=&#8220;|||&#8220; theme_builder_area=&#8220;post_content&#8220;][\/et_pb_column][et_pb_column type=&#8220;1_2&#8243; _builder_version=&#8220;4.22.2&#8243; global_colors_info=&#8220;{}&#8220; custom_padding__hover=&#8220;|||&#8220; theme_builder_area=&#8220;post_content&#8220;][et_pb_blurb title=&#8220;Technologie auf den Punkt&#8220; image_icon_width=&#8220;30%&#8220; icon_alignment=&#8220;left&#8220; _builder_version=&#8220;4.25.1&#8243; _module_preset=&#8220;default&#8220; header_level=&#8220;h6&#8243; image_icon_custom_margin=&#8220;||0px||false|false&#8220; hover_enabled=&#8220;0&#8243; global_colors_info=&#8220;{}&#8220; theme_builder_area=&#8220;post_content&#8220; sticky_enabled=&#8220;0&#8243;]<\/p>\n<h4>h4:Die n\u00e4chste Generation von Spritzgie\u00dfmaschinen<\/h4>\n<h5>h5:Energieeffiziente servohydraulische und elektrische IMM | HT-XTEND smart machine features as standard | Leistungsstarke Steuerung mit Gro\u00dfbildschirm | Flexible Integration mit offener Konnektivit\u00e4t f\u00fcr alle Schnittstellen und MES<\/h5>\n<p>[\/et_pb_blurb][et_pb_button button_url=&#8220;@ET-DC@eyJkeW5hbWljIjp0cnVlLCJjb250ZW50IjoicG9zdF9saW5rX3VybF9wYWdlIiwic2V0dGluZ3MiOnsicG9zdF9pZCI6IjkxIiwiZW5hYmxlX2h0bWwiOiJvZmYifX0=@&#8220; button_text=&#8220;Entdecken Sie die Generation 5&#8243; _builder_version=&#8220;4.23.1&#8243; _dynamic_attributes=&#8220;button_url&#8220; _module_preset=&#8220;default&#8220; custom_button=&#8220;on&#8220; background_layout=&#8220;dark&#8220; mix_blend_mode=&#8220;soft-light&#8220; locked=&#8220;off&#8220; global_colors_info=&#8220;{}&#8220; theme_builder_area=&#8220;post_content&#8220;][\/et_pb_button][\/et_pb_column][\/et_pb_row][et_pb_row column_structure=&#8220;1_2,1_2&#8243; make_equal=&#8220;on&#8220; disabled_on=&#8220;on|on|on&#8220; admin_label=&#8220;row&#8220; module_class=&#8220;reverse&#8220; _builder_version=&#8220;4.23.1&#8243; background_size=&#8220;initial&#8220; background_position=&#8220;top_left&#8220; background_repeat=&#8220;repeat&#8220; min_height=&#8220;300px&#8220; custom_margin=&#8220;||||false&#8220; custom_padding=&#8220;0px||0px||true|false&#8220; disabled=&#8220;on&#8220; locked=&#8220;off&#8220; global_colors_info=&#8220;{}&#8220; theme_builder_area=&#8220;post_content&#8220;][et_pb_column type=&#8220;1_2&#8243; _builder_version=&#8220;4.22.2&#8243; background_enable_image=&#8220;off&#8220; global_colors_info=&#8220;{}&#8220; custom_padding__hover=&#8220;|||&#8220; theme_builder_area=&#8220;post_content&#8220;][et_pb_blurb title=&#8220;Machines to-go&#8220; image_icon_width=&#8220;30%&#8220; icon_alignment=&#8220;left&#8220; _builder_version=&#8220;4.23.1&#8243; _module_preset=&#8220;default&#8220; header_level=&#8220;h6&#8243; image_icon_custom_margin=&#8220;||0px||false|false&#8220; global_colors_info=&#8220;{}&#8220; theme_builder_area=&#8220;post_content&#8220;]<\/p>\n<h4>Zeitlich begrenztes Angebot f\u00fcr Lagermschinen<\/h4>\n<h5><span>Da unsere neue Maschinengeneration kurz vor dem Eintreffen steht, haben wir ausgew\u00e4hlte Spritzgie\u00dfmaschinen der 3. Generation zwischen 60 und 900 t auf Lager. Profitieren Sie von sofortiger Lieferung und Sonderpreisen f\u00fcr eine begrenzte Zeit. <\/span><\/h5>\n<p>[\/et_pb_blurb][et_pb_button button_url=&#8220;mailto:sales@haitiangermany.com&#8220; button_text=&#8220;Senden Sie jetzt Ihre Anfrage&#8220; _builder_version=&#8220;4.23.1&#8243; _module_preset=&#8220;default&#8220; custom_button=&#8220;on&#8220; background_layout=&#8220;dark&#8220; mix_blend_mode=&#8220;soft-light&#8220; locked=&#8220;off&#8220; global_colors_info=&#8220;{}&#8220; theme_builder_area=&#8220;post_content&#8220;][\/et_pb_button][\/et_pb_column][et_pb_column type=&#8220;1_2&#8243; module_class=&#8220;background lightbox_url&#8220; _builder_version=&#8220;4.23.1&#8243; background_image=&#8220;https:\/\/haitianinter.com\/wp-content\/uploads\/sites\/3\/2024\/03\/placeholder-image-12.jpg&#8220; custom_padding=&#8220;|||&#8220; global_colors_info=&#8220;{}&#8220; custom_padding__hover=&#8220;|||&#8220; theme_builder_area=&#8220;post_content&#8220;][et_pb_code _builder_version=&#8220;4.23.1&#8243; _module_preset=&#8220;default&#8220; global_colors_info=&#8220;{}&#8220; theme_builder_area=&#8220;post_content&#8220;]<a class=\"lightbox-container\" href=\"https:\/\/dev.haitian.com\/wp-content\/uploads\/2024\/01\/Templa_01.jpg\"><\/a><!-- [et_pb_line_break_holder] -->[\/et_pb_code][\/et_pb_column][\/et_pb_row][\/et_pb_section][et_pb_section fb_built=&#8220;1&#8243; admin_label=&#8220;News &#8211; Related Posts&#8220; module_class=&#8220;section-carousel-slider-post&#8220; _builder_version=&#8220;4.23.1&#8243; _module_preset=&#8220;default&#8220; global_colors_info=&#8220;{}&#8220; locked=&#8220;off&#8220; theme_builder_area=&#8220;post_content&#8220;][et_pb_row _builder_version=&#8220;4.22.2&#8243; _module_preset=&#8220;default&#8220; locked=&#8220;off&#8220; global_colors_info=&#8220;{}&#8220; theme_builder_area=&#8220;post_content&#8220;][et_pb_column type=&#8220;4_4&#8243; _builder_version=&#8220;4.22.2&#8243; _module_preset=&#8220;default&#8220; global_colors_info=&#8220;{}&#8220; theme_builder_area=&#8220;post_content&#8220;][et_pb_blog_extras blog_layout=&#8220;slider&#8220; slider_layout=&#8220;vertical_grid&#8220; meta_date=&#8220;m\/j\/Y&#8220; excerpt_length=&#8220;100&#8243; use_read_more_button=&#8220;on&#8220; read_more_text=&#8220;more&#8220; show_author=&#8220;off&#8220; show_comments=&#8220;off&#8220; slides_per_view=&#8220;3&#8243; slider_loop=&#8220;on&#8220; autoplay=&#8220;off&#8220; show_arrow=&#8220;on&#8220; show_arrow_on_hover=&#8220;on&#8220; slides_per_view_tablet=&#8220;3&#8243; slides_per_view_phone=&#8220;1&#8243; slides_per_view_last_edited=&#8220;on|phone&#8220; space_between_slides_tablet=&#8220;&#8220; space_between_slides_phone=&#8220;10px&#8220; space_between_slides_last_edited=&#8220;on|phone&#8220; _builder_version=&#8220;4.23.1&#8243; _module_preset=&#8220;default&#8220; header_level=&#8220;h4&#8243; read_more_alignment=&#8220;center&#8220; global_colors_info=&#8220;{}&#8220; theme_builder_area=&#8220;post_content&#8220;][\/et_pb_blog_extras][\/et_pb_column][\/et_pb_row][\/et_pb_section]<\/p>\n","protected":false},"excerpt":{"rendered":"<p>h4:Werden Sie Teil der #haitianfamily H1:Karriereh2: Haitian International ist einer der weltweit f\u00fchrenden Hersteller von Spritzgie\u00dfmaschinen und ist auf allen wichtigen M\u00e4rkten der Welt vertreten. p: Haitian International ist einer der weltweit f\u00fchrenden Hersteller von Spritzgie\u00dfmaschinen und ist auf allen wichtigen M\u00e4rkten der Welt vertreten. Dieser Erfolg basiert auf mehr als 50 Jahren Erfahrung in [&hellip;]<\/p>\n","protected":false},"author":3,"featured_media":0,"parent":0,"menu_order":0,"comment_status":"closed","ping_status":"closed","template":"","meta":{"_et_pb_use_builder":"on","_et_pb_old_content":"","_et_gb_content_width":"","footnotes":""},"class_list":["post-18686","page","type-page","status-publish","hentry"],"yoast_head":"<!-- This site is optimized with the Yoast SEO plugin v27.2 - https:\/\/yoast.com\/product\/yoast-seo-wordpress\/ -->\n<title>Testseite CN - Haitian International<\/title>\n<meta name=\"robots\" content=\"index, follow, max-snippet:-1, max-image-preview:large, max-video-preview:-1\" \/>\n<link rel=\"canonical\" href=\"https:\/\/haitianinter.com\/de\/test-page-cn__trashed\/\" \/>\n<meta property=\"og:locale\" content=\"de_DE\" \/>\n<meta property=\"og:type\" content=\"article\" \/>\n<meta property=\"og:title\" content=\"Testseite CN - Haitian International\" \/>\n<meta property=\"og:description\" content=\"h4:Werden Sie Teil der #haitianfamily H1:Karriereh2: Haitian International ist einer der weltweit f\u00fchrenden Hersteller von Spritzgie\u00dfmaschinen und ist auf allen wichtigen M\u00e4rkten der Welt vertreten. p: Haitian International ist einer der weltweit f\u00fchrenden Hersteller von Spritzgie\u00dfmaschinen und ist auf allen wichtigen M\u00e4rkten der Welt vertreten. Dieser Erfolg basiert auf mehr als 50 Jahren Erfahrung in [&hellip;]\" \/>\n<meta property=\"og:url\" content=\"https:\/\/haitianinter.com\/de\/test-page-cn__trashed\/\" \/>\n<meta property=\"og:site_name\" content=\"Haitian International\" \/>\n<meta property=\"article:modified_time\" content=\"2025-04-25T12:44:40+00:00\" \/>\n<meta name=\"twitter:card\" content=\"summary_large_image\" \/>\n<meta name=\"twitter:label1\" content=\"Gesch\u00e4tzte Lesezeit\" \/>\n\t<meta name=\"twitter:data1\" content=\"8\u00a0Minuten\" \/>\n<script type=\"application\/ld+json\" class=\"yoast-schema-graph\">{\"@context\":\"https:\/\/schema.org\",\"@graph\":[{\"@type\":\"WebPage\",\"@id\":\"https:\/\/haitianinter.com\/de\/test-page-cn__trashed\/\",\"url\":\"https:\/\/haitianinter.com\/de\/test-page-cn__trashed\/\",\"name\":\"Testseite CN - Haitian International\",\"isPartOf\":{\"@id\":\"https:\/\/haitianinter.com\/de\/#website\"},\"datePublished\":\"2024-07-22T06:46:19+00:00\",\"dateModified\":\"2025-04-25T12:44:40+00:00\",\"breadcrumb\":{\"@id\":\"https:\/\/haitianinter.com\/de\/test-page-cn__trashed\/#breadcrumb\"},\"inLanguage\":\"de\",\"potentialAction\":[{\"@type\":\"ReadAction\",\"target\":[\"https:\/\/haitianinter.com\/de\/test-page-cn__trashed\/\"]}]},{\"@type\":\"BreadcrumbList\",\"@id\":\"https:\/\/haitianinter.com\/de\/test-page-cn__trashed\/#breadcrumb\",\"itemListElement\":[{\"@type\":\"ListItem\",\"position\":1,\"name\":\"Home\",\"item\":\"https:\/\/haitianinter.com\/de\/\"},{\"@type\":\"ListItem\",\"position\":2,\"name\":\"Testseite CN\"}]},{\"@type\":\"WebSite\",\"@id\":\"https:\/\/haitianinter.com\/de\/#website\",\"url\":\"https:\/\/haitianinter.com\/de\/\",\"name\":\"Haitian International\",\"description\":\"We Create and Extend Advantage\",\"potentialAction\":[{\"@type\":\"SearchAction\",\"target\":{\"@type\":\"EntryPoint\",\"urlTemplate\":\"https:\/\/haitianinter.com\/de\/?s={search_term_string}\"},\"query-input\":{\"@type\":\"PropertyValueSpecification\",\"valueRequired\":true,\"valueName\":\"search_term_string\"}}],\"inLanguage\":\"de\"}]}<\/script>\n<!-- \/ Yoast SEO plugin. -->","yoast_head_json":{"title":"Testseite CN - Haitian International","robots":{"index":"index","follow":"follow","max-snippet":"max-snippet:-1","max-image-preview":"max-image-preview:large","max-video-preview":"max-video-preview:-1"},"canonical":"https:\/\/haitianinter.com\/de\/test-page-cn__trashed\/","og_locale":"de_DE","og_type":"article","og_title":"Testseite CN - Haitian International","og_description":"h4:Werden Sie Teil der #haitianfamily H1:Karriereh2: Haitian International ist einer der weltweit f\u00fchrenden Hersteller von Spritzgie\u00dfmaschinen und ist auf allen wichtigen M\u00e4rkten der Welt vertreten. p: Haitian International ist einer der weltweit f\u00fchrenden Hersteller von Spritzgie\u00dfmaschinen und ist auf allen wichtigen M\u00e4rkten der Welt vertreten. Dieser Erfolg basiert auf mehr als 50 Jahren Erfahrung in [&hellip;]","og_url":"https:\/\/haitianinter.com\/de\/test-page-cn__trashed\/","og_site_name":"Haitian International","article_modified_time":"2025-04-25T12:44:40+00:00","twitter_card":"summary_large_image","twitter_misc":{"Gesch\u00e4tzte Lesezeit":"8\u00a0Minuten"},"schema":{"@context":"https:\/\/schema.org","@graph":[{"@type":"WebPage","@id":"https:\/\/haitianinter.com\/de\/test-page-cn__trashed\/","url":"https:\/\/haitianinter.com\/de\/test-page-cn__trashed\/","name":"Testseite CN - Haitian International","isPartOf":{"@id":"https:\/\/haitianinter.com\/de\/#website"},"datePublished":"2024-07-22T06:46:19+00:00","dateModified":"2025-04-25T12:44:40+00:00","breadcrumb":{"@id":"https:\/\/haitianinter.com\/de\/test-page-cn__trashed\/#breadcrumb"},"inLanguage":"de","potentialAction":[{"@type":"ReadAction","target":["https:\/\/haitianinter.com\/de\/test-page-cn__trashed\/"]}]},{"@type":"BreadcrumbList","@id":"https:\/\/haitianinter.com\/de\/test-page-cn__trashed\/#breadcrumb","itemListElement":[{"@type":"ListItem","position":1,"name":"Home","item":"https:\/\/haitianinter.com\/de\/"},{"@type":"ListItem","position":2,"name":"Testseite CN"}]},{"@type":"WebSite","@id":"https:\/\/haitianinter.com\/de\/#website","url":"https:\/\/haitianinter.com\/de\/","name":"Haitian International","description":"We Create and Extend Advantage","potentialAction":[{"@type":"SearchAction","target":{"@type":"EntryPoint","urlTemplate":"https:\/\/haitianinter.com\/de\/?s={search_term_string}"},"query-input":{"@type":"PropertyValueSpecification","valueRequired":true,"valueName":"search_term_string"}}],"inLanguage":"de"}]}},"_links":{"self":[{"href":"https:\/\/haitianinter.com\/de\/wp-json\/wp\/v2\/pages\/18686","targetHints":{"allow":["GET"]}}],"collection":[{"href":"https:\/\/haitianinter.com\/de\/wp-json\/wp\/v2\/pages"}],"about":[{"href":"https:\/\/haitianinter.com\/de\/wp-json\/wp\/v2\/types\/page"}],"author":[{"embeddable":true,"href":"https:\/\/haitianinter.com\/de\/wp-json\/wp\/v2\/users\/3"}],"replies":[{"embeddable":true,"href":"https:\/\/haitianinter.com\/de\/wp-json\/wp\/v2\/comments?post=18686"}],"version-history":[{"count":1,"href":"https:\/\/haitianinter.com\/de\/wp-json\/wp\/v2\/pages\/18686\/revisions"}],"predecessor-version":[{"id":18692,"href":"https:\/\/haitianinter.com\/de\/wp-json\/wp\/v2\/pages\/18686\/revisions\/18692"}],"wp:attachment":[{"href":"https:\/\/haitianinter.com\/de\/wp-json\/wp\/v2\/media?parent=18686"}],"curies":[{"name":"wp","href":"https:\/\/api.w.org\/{rel}","templated":true}]}}