{"id":16376,"date":"2024-09-05T14:32:22","date_gmt":"2024-09-05T12:32:22","guid":{"rendered":"https:\/\/haitianinter.com\/esg-report\/berichte-und-richtlinien\/"},"modified":"2024-12-19T16:08:04","modified_gmt":"2024-12-19T15:08:04","slug":"reports-and-policies","status":"publish","type":"page","link":"https:\/\/haitianinter.com\/de\/esg-report\/reports-and-policies\/","title":{"rendered":"Berichte und Richtlinien"},"content":{"rendered":"<p>[et_pb_section fb_built=&#8220;1&#8243; fullwidth=&#8220;on&#8220; module_class=&#8220;teaser-image-under-text&#8220; _builder_version=&#8220;4.22.2&#8243; _module_preset=&#8220;default&#8220; locked=&#8220;off&#8220; global_colors_info=&#8220;{}&#8220;][et_pb_fullwidth_header title=&#8220;Berichte&#8220; text_orientation=&#8220;center&#8220; header_fullscreen=&#8220;on&#8220; header_image_url=&#8220;https:\/\/haitianinter.com\/wp-content\/uploads\/sites\/3\/2024\/09\/ESG_reports.jpg&#8220; image_orientation=&#8220;bottom&#8220; _builder_version=&#8220;4.27.0&#8243; _module_preset=&#8220;default&#8220; background_enable_color=&#8220;off&#8220; background_layout=&#8220;light&#8220; global_colors_info=&#8220;{}&#8220;][\/et_pb_fullwidth_header][\/et_pb_section][et_pb_section fb_built=&#8220;1&#8243; admin_label=&#8220;The ESG Importance Assessment&#8220; module_class=&#8220;section-text-image-box noPadding-bottom&#8220; _builder_version=&#8220;4.27.2&#8243; _module_preset=&#8220;default&#8220; background_enable_color=&#8220;off&#8220; background_enable_image=&#8220;off&#8220; custom_margin=&#8220;||||false&#8220; locked=&#8220;off&#8220; global_colors_info=&#8220;{}&#8220;][et_pb_row column_structure=&#8220;1_2,1_2&#8243; use_custom_gutter=&#8220;on&#8220; make_equal=&#8220;on&#8220; module_class=&#8220;icon-mirror-right reverse&#8220; _builder_version=&#8220;4.27.2&#8243; _module_preset=&#8220;default&#8220; background_enable_color=&#8220;off&#8220; custom_padding=&#8220;0px||0px||true|false&#8220; global_colors_info=&#8220;{}&#8220;][et_pb_column type=&#8220;1_2&#8243; _builder_version=&#8220;4.27.2&#8243; _module_preset=&#8220;default&#8220; background_enable_color=&#8220;off&#8220; global_colors_info=&#8220;{}&#8220;][et_pb_text admin_label=&#8220;Content&#8220; _builder_version=&#8220;4.27.2&#8243; _module_preset=&#8220;default&#8220; locked=&#8220;off&#8220; global_colors_info=&#8220;{}&#8220;]<\/p>\n<h4>Schlagzeile<\/h4>\n<h5>Haitian International hat sich verpflichtet, die Transparenz zu verbessern und mehr Informationen zu ESG-Themen offenzulegen. Wir freuen uns, Sie einzuladen, die Ausgabe 2023 unseres ESG-Berichts anzusehen und herunterzuladen.<\/h5>\n<p>[\/et_pb_text][et_pb_text _builder_version=&#8220;4.27.4&#8243; _module_preset=&#8220;default&#8220; hover_enabled=&#8220;0&#8243; global_colors_info=&#8220;{}&#8220; module_class=&#8220;marker-arrow&#8220; sticky_enabled=&#8220;0&#8243;]<\/p>\n<ul>\n<li><a href=\"\/wp-content\/uploads\/sites\/3\/2024\/09\/2023%E5%B9%B4%E5%BA%A6ESG%E6%8A%A5%E5%91%8A%E8%8B%B1.pdf\" target=\"_blank\" rel=\"attachment noopener wp-att-77641\">ESG-Bericht 2023<\/a><\/li>\n<li><a href=\"\/wp-content\/uploads\/sites\/3\/2024\/09\/2022ESG%E8%8B%B1.pdf\" target=\"_blank\" rel=\"noopener\">ESG-Bericht 2022<\/a><\/li>\n<li><a href=\"\/wp-content\/uploads\/sites\/3\/2024\/09\/Environmental-Social-and-Governance-Report-2021.pdf\" target=\"_blank\" rel=\"noopener\">ESG-Bericht 2021<\/a><\/li>\n<\/ul>\n<p>[\/et_pb_text][\/et_pb_column][et_pb_column type=&#8220;1_2&#8243; module_class=&#8220;light&#8220; _builder_version=&#8220;4.27.2&#8243; _module_preset=&#8220;default&#8220; background_enable_image=&#8220;off&#8220; global_colors_info=&#8220;{}&#8220;][et_pb_image src=&#8220;https:\/\/haitianinter.com\/wp-content\/uploads\/sites\/3\/2024\/09\/ESG2023_EN.jpg&#8220; title_text=&#8220;ESG2023 DE&#8220; align=&#8220;center&#8220; _builder_version=&#8220;4.27.2&#8243; _module_preset=&#8220;default&#8220; global_colors_info=&#8220;{}&#8220;][\/et_pb_image][\/et_pb_column][\/et_pb_row][\/et_pb_section][et_pb_section fb_built=&#8220;1&#8243; admin_label=&#8220;Section Image-Text-Box-light&#8220; module_class=&#8220;section-text-image-box  noPadding-top&#8220; _builder_version=&#8220;4.27.2&#8243; _module_preset=&#8220;default&#8220; background_enable_image=&#8220;off&#8220; locked=&#8220;off&#8220; global_colors_info=&#8220;{}&#8220;][et_pb_row column_structure=&#8220;1_2,1_2&#8243; make_equal=&#8220;on&#8220; module_class=&#8220;icon-mirror-right line-2D&#8220; _builder_version=&#8220;4.27.2&#8243; _module_preset=&#8220;default&#8220; custom_padding=&#8220;0px||0px||true|false&#8220; global_colors_info=&#8220;{}&#8220;][et_pb_column type=&#8220;1_2&#8243; _builder_version=&#8220;4.27.2&#8243; _module_preset=&#8220;default&#8220; background_image=&#8220;https:\/\/haitianinter.com\/wp-content\/uploads\/sites\/3\/2024\/09\/ESG_Haitianinter_environmental_energymanagementcontrol-1-e1732641343552.jpg&#8220; global_colors_info=&#8220;{}&#8220;][\/et_pb_column][et_pb_column type=&#8220;1_2&#8243; _builder_version=&#8220;4.27.0&#8243; _module_preset=&#8220;default&#8220; background_enable_color=&#8220;off&#8220; global_colors_info=&#8220;{}&#8220;][et_pb_text admin_label=&#8220;Content&#8220; _builder_version=&#8220;4.27.2&#8243; _module_preset=&#8220;default&#8220; locked=&#8220;off&#8220; global_colors_info=&#8220;{}&#8220;]<\/p>\n<h4>Politiken<\/h4>\n<h5>In strikter \u00dcbereinstimmung mit dem Produktqualit\u00e4tsgesetz der Volksrepublik China und den einschl\u00e4gigen Gesetzen und Vorschriften hat die Gruppe ein umfassendes System zur Kontrolle der Produktqualit\u00e4t eingerichtet.<\/h5>\n<p>[\/et_pb_text][et_pb_text _builder_version=&#8220;4.27.4&#8243; _module_preset=&#8220;default&#8220; hover_enabled=&#8220;0&#8243; global_colors_info=&#8220;{}&#8220; module_class=&#8220;marker-arrow&#8220; sticky_enabled=&#8220;0&#8243;]<\/p>\n<ul>\n<li><a href=\"\/wp-content\/uploads\/sites\/3\/2024\/09\/esg_abstract_en.pdf\" target=\"_blank\" rel=\"noopener\">Zusammenfassung unserer Umwelt-,<br \/>Sozial- und Governance-Politik<\/a><\/li>\n<\/ul>\n<p>[\/et_pb_text][\/et_pb_column][\/et_pb_row][\/et_pb_section]<\/p>\n","protected":false},"excerpt":{"rendered":"<p>Schlagzeile Haitian International hat sich verpflichtet, die Transparenz zu verbessern und mehr Informationen zu ESG-Themen offenzulegen. Wir freuen uns, Sie einzuladen, die Ausgabe 2023 unseres ESG-Berichts anzusehen und herunterzuladen. ESG-Bericht 2023 ESG-Bericht 2022 ESG-Bericht 2021 Politiken In strikter \u00dcbereinstimmung mit dem Produktqualit\u00e4tsgesetz der Volksrepublik China und den einschl\u00e4gigen Gesetzen und Vorschriften hat die Gruppe ein [&hellip;]<\/p>\n","protected":false},"author":1,"featured_media":0,"parent":16349,"menu_order":0,"comment_status":"closed","ping_status":"closed","template":"","meta":{"_et_pb_use_builder":"on","_et_pb_old_content":"","_et_gb_content_width":"","footnotes":""},"class_list":["post-16376","page","type-page","status-publish","hentry"],"yoast_head":"<!-- This site is optimized with the Yoast SEO plugin v27.2 - https:\/\/yoast.com\/product\/yoast-seo-wordpress\/ -->\n<title>Berichte und Richtlinien - Haitian International<\/title>\n<meta name=\"robots\" content=\"index, follow, max-snippet:-1, max-image-preview:large, max-video-preview:-1\" \/>\n<link rel=\"canonical\" href=\"https:\/\/haitianinter.com\/de\/esg-report\/reports-and-policies\/\" \/>\n<meta property=\"og:locale\" content=\"de_DE\" \/>\n<meta property=\"og:type\" content=\"article\" \/>\n<meta property=\"og:title\" content=\"Berichte und Richtlinien - Haitian International\" \/>\n<meta property=\"og:description\" content=\"Schlagzeile Haitian International hat sich verpflichtet, die Transparenz zu verbessern und mehr Informationen zu ESG-Themen offenzulegen. Wir freuen uns, Sie einzuladen, die Ausgabe 2023 unseres ESG-Berichts anzusehen und herunterzuladen. ESG-Bericht 2023 ESG-Bericht 2022 ESG-Bericht 2021 Politiken In strikter \u00dcbereinstimmung mit dem Produktqualit\u00e4tsgesetz der Volksrepublik China und den einschl\u00e4gigen Gesetzen und Vorschriften hat die Gruppe ein [&hellip;]\" \/>\n<meta property=\"og:url\" content=\"https:\/\/haitianinter.com\/de\/esg-report\/reports-and-policies\/\" \/>\n<meta property=\"og:site_name\" content=\"Haitian International\" \/>\n<meta property=\"article:modified_time\" content=\"2024-12-19T15:08:04+00:00\" \/>\n<meta name=\"twitter:card\" content=\"summary_large_image\" \/>\n<meta name=\"twitter:label1\" content=\"Gesch\u00e4tzte Lesezeit\" \/>\n\t<meta name=\"twitter:data1\" content=\"2\u00a0Minuten\" \/>\n<script type=\"application\/ld+json\" class=\"yoast-schema-graph\">{\"@context\":\"https:\/\/schema.org\",\"@graph\":[{\"@type\":\"WebPage\",\"@id\":\"https:\/\/haitianinter.com\/de\/esg-report\/reports-and-policies\/\",\"url\":\"https:\/\/haitianinter.com\/de\/esg-report\/reports-and-policies\/\",\"name\":\"Berichte und Richtlinien - Haitian International\",\"isPartOf\":{\"@id\":\"https:\/\/haitianinter.com\/de\/#website\"},\"datePublished\":\"2024-09-05T12:32:22+00:00\",\"dateModified\":\"2024-12-19T15:08:04+00:00\",\"breadcrumb\":{\"@id\":\"https:\/\/haitianinter.com\/de\/esg-report\/reports-and-policies\/#breadcrumb\"},\"inLanguage\":\"de\",\"potentialAction\":[{\"@type\":\"ReadAction\",\"target\":[\"https:\/\/haitianinter.com\/de\/esg-report\/reports-and-policies\/\"]}]},{\"@type\":\"BreadcrumbList\",\"@id\":\"https:\/\/haitianinter.com\/de\/esg-report\/reports-and-policies\/#breadcrumb\",\"itemListElement\":[{\"@type\":\"ListItem\",\"position\":1,\"name\":\"Home\",\"item\":\"https:\/\/haitianinter.com\/de\/\"},{\"@type\":\"ListItem\",\"position\":2,\"name\":\"ESG \u00dcberblick\",\"item\":\"https:\/\/haitianinter.com\/de\/esg-report\/\"},{\"@type\":\"ListItem\",\"position\":3,\"name\":\"Berichte und Richtlinien\"}]},{\"@type\":\"WebSite\",\"@id\":\"https:\/\/haitianinter.com\/de\/#website\",\"url\":\"https:\/\/haitianinter.com\/de\/\",\"name\":\"Haitian International\",\"description\":\"We Create and Extend Advantage\",\"potentialAction\":[{\"@type\":\"SearchAction\",\"target\":{\"@type\":\"EntryPoint\",\"urlTemplate\":\"https:\/\/haitianinter.com\/de\/?s={search_term_string}\"},\"query-input\":{\"@type\":\"PropertyValueSpecification\",\"valueRequired\":true,\"valueName\":\"search_term_string\"}}],\"inLanguage\":\"de\"}]}<\/script>\n<!-- \/ Yoast SEO plugin. -->","yoast_head_json":{"title":"Berichte und Richtlinien - Haitian International","robots":{"index":"index","follow":"follow","max-snippet":"max-snippet:-1","max-image-preview":"max-image-preview:large","max-video-preview":"max-video-preview:-1"},"canonical":"https:\/\/haitianinter.com\/de\/esg-report\/reports-and-policies\/","og_locale":"de_DE","og_type":"article","og_title":"Berichte und Richtlinien - Haitian International","og_description":"Schlagzeile Haitian International hat sich verpflichtet, die Transparenz zu verbessern und mehr Informationen zu ESG-Themen offenzulegen. Wir freuen uns, Sie einzuladen, die Ausgabe 2023 unseres ESG-Berichts anzusehen und herunterzuladen. ESG-Bericht 2023 ESG-Bericht 2022 ESG-Bericht 2021 Politiken In strikter \u00dcbereinstimmung mit dem Produktqualit\u00e4tsgesetz der Volksrepublik China und den einschl\u00e4gigen Gesetzen und Vorschriften hat die Gruppe ein [&hellip;]","og_url":"https:\/\/haitianinter.com\/de\/esg-report\/reports-and-policies\/","og_site_name":"Haitian International","article_modified_time":"2024-12-19T15:08:04+00:00","twitter_card":"summary_large_image","twitter_misc":{"Gesch\u00e4tzte Lesezeit":"2\u00a0Minuten"},"schema":{"@context":"https:\/\/schema.org","@graph":[{"@type":"WebPage","@id":"https:\/\/haitianinter.com\/de\/esg-report\/reports-and-policies\/","url":"https:\/\/haitianinter.com\/de\/esg-report\/reports-and-policies\/","name":"Berichte und Richtlinien - Haitian International","isPartOf":{"@id":"https:\/\/haitianinter.com\/de\/#website"},"datePublished":"2024-09-05T12:32:22+00:00","dateModified":"2024-12-19T15:08:04+00:00","breadcrumb":{"@id":"https:\/\/haitianinter.com\/de\/esg-report\/reports-and-policies\/#breadcrumb"},"inLanguage":"de","potentialAction":[{"@type":"ReadAction","target":["https:\/\/haitianinter.com\/de\/esg-report\/reports-and-policies\/"]}]},{"@type":"BreadcrumbList","@id":"https:\/\/haitianinter.com\/de\/esg-report\/reports-and-policies\/#breadcrumb","itemListElement":[{"@type":"ListItem","position":1,"name":"Home","item":"https:\/\/haitianinter.com\/de\/"},{"@type":"ListItem","position":2,"name":"ESG \u00dcberblick","item":"https:\/\/haitianinter.com\/de\/esg-report\/"},{"@type":"ListItem","position":3,"name":"Berichte und Richtlinien"}]},{"@type":"WebSite","@id":"https:\/\/haitianinter.com\/de\/#website","url":"https:\/\/haitianinter.com\/de\/","name":"Haitian International","description":"We Create and Extend Advantage","potentialAction":[{"@type":"SearchAction","target":{"@type":"EntryPoint","urlTemplate":"https:\/\/haitianinter.com\/de\/?s={search_term_string}"},"query-input":{"@type":"PropertyValueSpecification","valueRequired":true,"valueName":"search_term_string"}}],"inLanguage":"de"}]}},"_links":{"self":[{"href":"https:\/\/haitianinter.com\/de\/wp-json\/wp\/v2\/pages\/16376","targetHints":{"allow":["GET"]}}],"collection":[{"href":"https:\/\/haitianinter.com\/de\/wp-json\/wp\/v2\/pages"}],"about":[{"href":"https:\/\/haitianinter.com\/de\/wp-json\/wp\/v2\/types\/page"}],"author":[{"embeddable":true,"href":"https:\/\/haitianinter.com\/de\/wp-json\/wp\/v2\/users\/1"}],"replies":[{"embeddable":true,"href":"https:\/\/haitianinter.com\/de\/wp-json\/wp\/v2\/comments?post=16376"}],"version-history":[{"count":2,"href":"https:\/\/haitianinter.com\/de\/wp-json\/wp\/v2\/pages\/16376\/revisions"}],"predecessor-version":[{"id":16378,"href":"https:\/\/haitianinter.com\/de\/wp-json\/wp\/v2\/pages\/16376\/revisions\/16378"}],"up":[{"embeddable":true,"href":"https:\/\/haitianinter.com\/de\/wp-json\/wp\/v2\/pages\/16349"}],"wp:attachment":[{"href":"https:\/\/haitianinter.com\/de\/wp-json\/wp\/v2\/media?parent=16376"}],"curies":[{"name":"wp","href":"https:\/\/api.w.org\/{rel}","templated":true}]}}