{"id":16368,"date":"2024-11-07T10:30:28","date_gmt":"2024-11-07T09:30:28","guid":{"rendered":"https:\/\/haitianinter.com\/esg-report\/umweltmanagementsystem-und-audits\/"},"modified":"2024-12-19T16:07:22","modified_gmt":"2024-12-19T15:07:22","slug":"environmental-management-system-and-audits","status":"publish","type":"page","link":"https:\/\/haitianinter.com\/de\/esg-report\/environmental-management-system-and-audits\/","title":{"rendered":"Umweltmanagementsystem und Audits"},"content":{"rendered":"<p>[et_pb_section fb_built=&#8220;1&#8243; fullwidth=&#8220;on&#8220; module_class=&#8220;teaser-image-under-text&#8220; _builder_version=&#8220;4.22.2&#8243; _module_preset=&#8220;default&#8220; locked=&#8220;off&#8220; global_colors_info=&#8220;{}&#8220; theme_builder_area=&#8220;post_content&#8220;][et_pb_fullwidth_header text_orientation=&#8220;center&#8220; header_fullscreen=&#8220;on&#8220; header_image_url=&#8220;https:\/\/haitianinter.com\/wp-content\/uploads\/sites\/3\/2024\/09\/ESG_Overview-2.jpg&#8220; image_orientation=&#8220;bottom&#8220; _builder_version=&#8220;4.27.0&#8243; _module_preset=&#8220;default&#8220; background_enable_color=&#8220;off&#8220; background_layout=&#8220;light&#8220; global_colors_info=&#8220;{}&#8220; theme_builder_area=&#8220;post_content&#8220;][\/et_pb_fullwidth_header][\/et_pb_section][et_pb_section fb_built=&#8220;1&#8243; _builder_version=&#8220;4.27.0&#8243; _module_preset=&#8220;default&#8220; locked=&#8220;off&#8220; global_colors_info=&#8220;{}&#8220; theme_builder_area=&#8220;post_content&#8220;][et_pb_row _builder_version=&#8220;4.27.0&#8243; _module_preset=&#8220;default&#8220; global_colors_info=&#8220;{}&#8220; theme_builder_area=&#8220;post_content&#8220;][et_pb_column type=&#8220;4_4&#8243; _builder_version=&#8220;4.27.0&#8243; _module_preset=&#8220;default&#8220; global_colors_info=&#8220;{}&#8220; theme_builder_area=&#8220;post_content&#8220;][et_pb_text _builder_version=&#8220;4.27.2&#8243; _module_preset=&#8220;default&#8220; header_font_size=&#8220;70px&#8220; hover_enabled=&#8220;0&#8243; header_font_size_tablet=&#8220;40px&#8220; header_font_size_phone=&#8220;40px&#8220; header_font_size_last_edited=&#8220;on|phone&#8220; global_colors_info=&#8220;{}&#8220; theme_builder_area=&#8220;post_content&#8220; sticky_enabled=&#8220;0&#8243;]<\/p>\n<h1 style=\"text-align: center;\">Umweltmanagementsystem und Audits<\/h1>\n<p>[\/et_pb_text][\/et_pb_column][\/et_pb_row][\/et_pb_section][et_pb_section fb_built=&#8220;1&#8243; admin_label=&#8220;Section Image-Text-Box-light&#8220; module_class=&#8220;section-text-image-box noPadding-bottom noPadding-top&#8220; _builder_version=&#8220;4.27.0&#8243; _module_preset=&#8220;default&#8220; background_enable_image=&#8220;off&#8220; locked=&#8220;off&#8220; global_colors_info=&#8220;{}&#8220; theme_builder_area=&#8220;post_content&#8220;][et_pb_row column_structure=&#8220;1_2,1_2&#8243; make_equal=&#8220;on&#8220; module_class=&#8220;icon-mirror-right line-2D&#8220; _builder_version=&#8220;4.27.2&#8243; _module_preset=&#8220;default&#8220; custom_padding=&#8220;0px||0px||true|false&#8220; hover_enabled=&#8220;0&#8243; global_colors_info=&#8220;{}&#8220; theme_builder_area=&#8220;post_content&#8220; sticky_enabled=&#8220;0&#8243;][et_pb_column type=&#8220;1_2&#8243; _builder_version=&#8220;4.27.2&#8243; _module_preset=&#8220;default&#8220; hover_enabled=&#8220;0&#8243; global_colors_info=&#8220;{}&#8220; theme_builder_area=&#8220;post_content&#8220; background_enable_image=&#8220;off&#8220; sticky_enabled=&#8220;0&#8243;][et_pb_image _builder_version=&#8220;4.27.2&#8243; _module_preset=&#8220;default&#8220; theme_builder_area=&#8220;post_content&#8220; title_text=&#8220;Bild 20 221&#215;300&#8243; src=&#8220;https:\/\/haitianinter.com\/wp-content\/uploads\/sites\/3\/2024\/11\/image-20-221&#215;300-1.jpg&#8220; hover_enabled=&#8220;0&#8243; sticky_enabled=&#8220;0&#8243; align=&#8220;center&#8220;][\/et_pb_image][\/et_pb_column][et_pb_column type=&#8220;1_2&#8243; _builder_version=&#8220;4.27.0&#8243; _module_preset=&#8220;default&#8220; background_enable_color=&#8220;off&#8220; global_colors_info=&#8220;{}&#8220; theme_builder_area=&#8220;post_content&#8220;][et_pb_text admin_label=&#8220;Headline&#8220; _builder_version=&#8220;4.27.2&#8243; _module_preset=&#8220;default&#8220; hover_enabled=&#8220;0&#8243; locked=&#8220;off&#8220; global_colors_info=&#8220;{}&#8220; theme_builder_area=&#8220;post_content&#8220; sticky_enabled=&#8220;0&#8243;]<\/p>\n<h4>Richtlinie zum Umgang mit giftigen Stoffen und Emissionen<\/h4>\n<p>[\/et_pb_text][et_pb_text admin_label=&#8220;Content&#8220; _builder_version=&#8220;4.27.2&#8243; _module_preset=&#8220;default&#8220; hover_enabled=&#8220;0&#8243; locked=&#8220;off&#8220; global_colors_info=&#8220;{}&#8220; sticky_enabled=&#8220;0&#8243; theme_builder_area=&#8220;post_content&#8220;]<\/p>\n<h5>Einhaltung des Umweltschutzgesetzes der Volksrepublik China, des Gesetzes zur Verh\u00fctung und Kontrolle der Luftverschmutzung der Volksrepublik China, des Gesetzes zur Verh\u00fctung und Kontrolle der Wasserverschmutzung der Volksrepublik China, des Gesetzes der Volksrepublik China zur Verh\u00fctung und Kontrolle der Umweltverschmutzung durch feste Abf\u00e4lle,<\/h5>\n<p>[\/et_pb_text][et_pb_toggle title=&#8220;Mehr erfahren&#8220; _builder_version=&#8220;4.27.2&#8243; _module_preset=&#8220;default&#8220; module_class=&#8220;read-more&#8220; hover_enabled=&#8220;0&#8243; sticky_enabled=&#8220;0&#8243; theme_builder_area=&#8220;post_content&#8220;]<\/p>\n<p>Gem\u00e4\u00df dem Gesetz der Volksrepublik China zur Energieeinsparung und den einschl\u00e4gigen Gesetzen und Verordnungen hat die Gruppe eine Reihe von Systemen und Verfahren entwickelt, wie z.B. die Kontrollverfahren zur Identifizierung und Bewertung von Umweltfaktoren, die operativen Planungs- und Kontrollverfahren f\u00fcr Umweltprozesse und die Bestimmungen zur abgestuften Verantwortung f\u00fcr die Behandlung von Unf\u00e4llen in Bezug auf Sicherheit und Umweltschutz. Die Gruppe verf\u00fcgt \u00fcber ein gut entwickeltes Umweltmanagementsystem, das uns dazu anleitet, die Emissionskontrolle zu versch\u00e4rfen, die Ressourcen rationell zu nutzen und den Umweltschutz im gesamten Produktions-, Dienstleistungs- und Verwaltungsprozess zu f\u00f6rdern. Unser Umweltmanagementsystem ist nach ISO 14001 zertifiziert. Wir haben uns in den letzten drei Jahren durch die j\u00e4hrliche \u00dcberpr\u00fcfung durch externe Fachorganisationen f\u00fcr den ISO 14001 Standard qualifiziert.  <\/p>\n<p>[\/et_pb_toggle][\/et_pb_column][\/et_pb_row][\/et_pb_section][et_pb_section fb_built=&#8220;1&#8243; admin_label=&#8220;ESG Government Structur&#8220; _builder_version=&#8220;4.27.0&#8243; _module_preset=&#8220;default&#8220; global_colors_info=&#8220;{}&#8220; locked=&#8220;off&#8220; theme_builder_area=&#8220;post_content&#8220;][et_pb_row _builder_version=&#8220;4.27.0&#8243; _module_preset=&#8220;default&#8220; global_colors_info=&#8220;{}&#8220; theme_builder_area=&#8220;post_content&#8220;][et_pb_column type=&#8220;4_4&#8243; _builder_version=&#8220;4.27.0&#8243; _module_preset=&#8220;default&#8220; global_colors_info=&#8220;{}&#8220; theme_builder_area=&#8220;post_content&#8220;][et_pb_text _builder_version=&#8220;4.27.2&#8243; _module_preset=&#8220;default&#8220; hover_enabled=&#8220;0&#8243; global_colors_info=&#8220;{}&#8220; theme_builder_area=&#8220;post_content&#8220; sticky_enabled=&#8220;0&#8243;]<\/p>\n<h2 style=\"text-align: center;\">Umweltvertr\u00e4glichkeitspr\u00fcfungen und Compliance<\/h2>\n<p>[\/et_pb_text][\/et_pb_column][\/et_pb_row][et_pb_row column_structure=&#8220;1_3,1_3,1_3&#8243; make_equal=&#8220;on&#8220; _builder_version=&#8220;4.27.0&#8243; _module_preset=&#8220;default&#8220; global_colors_info=&#8220;{}&#8220; theme_builder_area=&#8220;post_content&#8220;][et_pb_column type=&#8220;1_3&#8243; _builder_version=&#8220;4.27.0&#8243; _module_preset=&#8220;default&#8220; background_enable_color=&#8220;off&#8220; global_colors_info=&#8220;{}&#8220; theme_builder_area=&#8220;post_content&#8220;][et_pb_toggle title=&#8220;  Interne Audits und Bewertungen&#8220; _builder_version=&#8220;4.27.2&#8243; _module_preset=&#8220;default&#8220; hover_enabled=&#8220;0&#8243; global_colors_info=&#8220;{}&#8220; theme_builder_area=&#8220;post_content&#8220; sticky_enabled=&#8220;0&#8243;]<\/p>\n<ul>\n<li><span>Die Umweltschutzabteilung der Gruppe ist verantwortlich f\u00fcr die Identifizierung und Bewertung von Umweltfaktoren, die \u00dcberwachung der Umweltleistung aller Werke und funktionalen Abteilungen, die Festlegung von Umweltzielen und die Bewertung der Zielerreichung jeder Abteilung, die Organisation von Schulungen zum Thema Umweltschutz und die Bereitstellung entsprechender technischer Unterst\u00fctzung.<\/span><\/li>\n<li><span>  Jedes Werk und jede funktionale Abteilung verf\u00fcgt \u00fcber engagiertes Personal f\u00fcr Sicherheit und Umweltschutz, das f\u00fcr die \u00dcberpr\u00fcfung der Umweltleistung der Abteilung und die F\u00f6rderung der Korrektur unqualifizierter Projekte verantwortlich ist.<\/span><\/li>\n<li><span>  Im t\u00e4glichen Betrieb sollten alle Abteilungen den normalen Betrieb der Umweltschutzeinrichtungen sicherstellen, Betriebsaufzeichnungen erstellen, die entsprechenden Ger\u00e4te regelm\u00e4\u00dfig \u00fcberpr\u00fcfen und warten und die entsprechenden Ger\u00e4te rechtzeitig reparieren.<\/span><\/li>\n<\/ul>\n<p>[\/et_pb_toggle][\/et_pb_column][et_pb_column type=&#8220;1_3&#8243; _builder_version=&#8220;4.27.0&#8243; _module_preset=&#8220;default&#8220; global_colors_info=&#8220;{}&#8220; theme_builder_area=&#8220;post_content&#8220;][et_pb_toggle title=&#8220;Externe Umweltvertr\u00e4glichkeitspr\u00fcfungen&#8220; _builder_version=&#8220;4.27.2&#8243; _module_preset=&#8220;default&#8220; hover_enabled=&#8220;0&#8243; global_colors_info=&#8220;{}&#8220; theme_builder_area=&#8220;post_content&#8220; sticky_enabled=&#8220;0&#8243;]<\/p>\n<p><span>Die Gruppe beauftragt unabh\u00e4ngige Institutionen mit der Durchf\u00fchrung j\u00e4hrlicher Umweltvertr\u00e4glichkeitspr\u00fcfungen.<\/span><\/p>\n<p>[\/et_pb_toggle][\/et_pb_column][et_pb_column type=&#8220;1_3&#8243; _builder_version=&#8220;4.27.0&#8243; _module_preset=&#8220;default&#8220; global_colors_info=&#8220;{}&#8220; theme_builder_area=&#8220;post_content&#8220;][et_pb_toggle title=&#8220;Externe Audits zur Einhaltung der Vorschriften&#8220; _builder_version=&#8220;4.27.2&#8243; _module_preset=&#8220;default&#8220; hover_enabled=&#8220;0&#8243; global_colors_info=&#8220;{}&#8220; theme_builder_area=&#8220;post_content&#8220; sticky_enabled=&#8220;0&#8243;]<\/p>\n<p><span>J\u00e4hrliche Konformit\u00e4tspr\u00fcfungen werden f\u00fcr alle Betriebsstandorte unter Bezugnahme auf das Umweltmanagementsystem ISO 14001 und die einschl\u00e4gigen Gesetze, Verordnungen und Normen durchgef\u00fchrt, wobei Faktoren wie Emissionen von Abgasen, Abw\u00e4ssern, toxischen Substanzen und Abf\u00e4llen ber\u00fccksichtigt werden.<\/span><\/p>\n<p>[\/et_pb_toggle][\/et_pb_column][\/et_pb_row][\/et_pb_section][et_pb_section fb_built=&#8220;1&#8243; _builder_version=&#8220;4.27.0&#8243; _module_preset=&#8220;default&#8220; global_colors_info=&#8220;{}&#8220; locked=&#8220;off&#8220; theme_builder_area=&#8220;post_content&#8220;][et_pb_row _builder_version=&#8220;4.27.0&#8243; _module_preset=&#8220;default&#8220; global_colors_info=&#8220;{}&#8220; theme_builder_area=&#8220;post_content&#8220;][et_pb_column type=&#8220;4_4&#8243; _builder_version=&#8220;4.27.0&#8243; _module_preset=&#8220;default&#8220; global_colors_info=&#8220;{}&#8220; theme_builder_area=&#8220;post_content&#8220;][et_pb_text _builder_version=&#8220;4.27.2&#8243; _module_preset=&#8220;default&#8220; hover_enabled=&#8220;0&#8243; global_colors_info=&#8220;{}&#8220; theme_builder_area=&#8220;post_content&#8220; sticky_enabled=&#8220;0&#8243;]<\/p>\n<h2 style=\"text-align: center;\">Kultur und Ausbildung f\u00fcr Umweltmanagement<\/h2>\n<p>[\/et_pb_text][et_pb_text _builder_version=&#8220;4.27.2&#8243; _module_preset=&#8220;default&#8220; hover_enabled=&#8220;0&#8243; global_colors_info=&#8220;{}&#8220; sticky_enabled=&#8220;0&#8243; theme_builder_area=&#8220;post_content&#8220;]<\/p>\n<h5 style=\"text-align: center;\">Wir legen gro\u00dfen Wert auf die F\u00f6rderung des Umweltbewusstseins unserer Mitarbeiter, f\u00fchren Werbekampagnen in der Zentrale durch und veranstalten in regelm\u00e4\u00dfigen Abst\u00e4nden Schulungen zur Verbreitung von Wissen \u00fcber den Umweltschutz. Jedes Jahr organisierten wir etwa 500 Stunden Schulungen zum Thema Umweltschutz f\u00fcr unsere Mitarbeiter, in denen wir die Umweltgesetze und -vorschriften bekannt machten und praktische Kurse zur Abwasserbehandlung anboten, so dass unsere Mitarbeiter unser Umweltmanagementsystem verstehen konnten. Au\u00dferdem haben wir entsprechend den Umweltvorschriften in der Branche aktiv mit externen Unternehmen kommuniziert und mit ihnen zusammengearbeitet, um etwa 120 Stunden Schulungen durchzuf\u00fchren.  <\/h5>\n<p>[\/et_pb_text][\/et_pb_column][\/et_pb_row][et_pb_row _builder_version=&#8220;4.27.2&#8243; _module_preset=&#8220;default&#8220; column_structure=&#8220;1_3,1_3,1_3&#8243; theme_builder_area=&#8220;post_content&#8220;][et_pb_column _builder_version=&#8220;4.27.2&#8243; _module_preset=&#8220;default&#8220; type=&#8220;1_3&#8243; theme_builder_area=&#8220;post_content&#8220;][et_pb_blurb title=&#8220;F\u00f6rderung des Umweltschutzes&#8220; image=&#8220;https:\/\/haitianinter.com\/wp-content\/uploads\/sites\/3\/2024\/11\/image-40.jpg&#8220; _builder_version=&#8220;4.27.2&#8243; _module_preset=&#8220;default&#8220; theme_builder_area=&#8220;post_content&#8220; title_text=&#8220;Image 40&#8243; text_orientation=&#8220;center&#8220; hover_enabled=&#8220;0&#8243; sticky_enabled=&#8220;0&#8243;][\/et_pb_blurb][\/et_pb_column][et_pb_column _builder_version=&#8220;4.27.2&#8243; _module_preset=&#8220;default&#8220; type=&#8220;1_3&#8243; theme_builder_area=&#8220;post_content&#8220;][et_pb_blurb title=&#8220;Schulungen zum Umweltschutz&#8220; image=&#8220;https:\/\/haitianinter.com\/wp-content\/uploads\/sites\/3\/2024\/11\/image-41-1.jpg&#8220; _builder_version=&#8220;4.27.2&#8243; _module_preset=&#8220;default&#8220; theme_builder_area=&#8220;post_content&#8220; title_text=&#8220;Image 41 1&#8243; text_orientation=&#8220;center&#8220; hover_enabled=&#8220;0&#8243; sticky_enabled=&#8220;0&#8243;][\/et_pb_blurb][\/et_pb_column][et_pb_column _builder_version=&#8220;4.27.2&#8243; _module_preset=&#8220;default&#8220; type=&#8220;1_3&#8243; theme_builder_area=&#8220;post_content&#8220;][et_pb_blurb title=&#8220;Praktische Ausbildung&#8220; image=&#8220;https:\/\/haitianinter.com\/wp-content\/uploads\/sites\/3\/2024\/11\/image-42.jpg&#8220; _builder_version=&#8220;4.27.2&#8243; _module_preset=&#8220;default&#8220; theme_builder_area=&#8220;post_content&#8220; title_text=&#8220;Image 42&#8243; text_orientation=&#8220;center&#8220; hover_enabled=&#8220;0&#8243; sticky_enabled=&#8220;0&#8243;][\/et_pb_blurb][\/et_pb_column][\/et_pb_row][\/et_pb_section]<\/p>\n","protected":false},"excerpt":{"rendered":"<p>Umweltmanagementsystem und AuditsRichtlinie zum Umgang mit giftigen Stoffen und EmissionenEinhaltung des Umweltschutzgesetzes der Volksrepublik China, des Gesetzes zur Verh\u00fctung und Kontrolle der Luftverschmutzung der Volksrepublik China, des Gesetzes zur Verh\u00fctung und Kontrolle der Wasserverschmutzung der Volksrepublik China, des Gesetzes der Volksrepublik China zur Verh\u00fctung und Kontrolle der Umweltverschmutzung durch feste Abf\u00e4lle,Gem\u00e4\u00df dem Gesetz der Volksrepublik [&hellip;]<\/p>\n","protected":false},"author":3,"featured_media":0,"parent":16349,"menu_order":0,"comment_status":"closed","ping_status":"closed","template":"","meta":{"_et_pb_use_builder":"on","_et_pb_old_content":"","_et_gb_content_width":"","footnotes":""},"class_list":["post-16368","page","type-page","status-publish","hentry"],"yoast_head":"<!-- This site is optimized with the Yoast SEO plugin v27.2 - https:\/\/yoast.com\/product\/yoast-seo-wordpress\/ -->\n<title>Umweltmanagementsystem und Audits - Haitian International<\/title>\n<meta name=\"robots\" content=\"index, follow, max-snippet:-1, max-image-preview:large, max-video-preview:-1\" \/>\n<link rel=\"canonical\" href=\"https:\/\/haitianinter.com\/de\/esg-report\/environmental-management-system-and-audits\/\" \/>\n<meta property=\"og:locale\" content=\"de_DE\" \/>\n<meta property=\"og:type\" content=\"article\" \/>\n<meta property=\"og:title\" content=\"Umweltmanagementsystem und Audits - Haitian International\" \/>\n<meta property=\"og:description\" content=\"Umweltmanagementsystem und AuditsRichtlinie zum Umgang mit giftigen Stoffen und EmissionenEinhaltung des Umweltschutzgesetzes der Volksrepublik China, des Gesetzes zur Verh\u00fctung und Kontrolle der Luftverschmutzung der Volksrepublik China, des Gesetzes zur Verh\u00fctung und Kontrolle der Wasserverschmutzung der Volksrepublik China, des Gesetzes der Volksrepublik China zur Verh\u00fctung und Kontrolle der Umweltverschmutzung durch feste Abf\u00e4lle,Gem\u00e4\u00df dem Gesetz der Volksrepublik [&hellip;]\" \/>\n<meta property=\"og:url\" content=\"https:\/\/haitianinter.com\/de\/esg-report\/environmental-management-system-and-audits\/\" \/>\n<meta property=\"og:site_name\" content=\"Haitian International\" \/>\n<meta property=\"article:modified_time\" content=\"2024-12-19T15:07:22+00:00\" \/>\n<meta name=\"twitter:card\" content=\"summary_large_image\" \/>\n<meta name=\"twitter:label1\" content=\"Gesch\u00e4tzte Lesezeit\" \/>\n\t<meta name=\"twitter:data1\" content=\"7\u00a0Minuten\" \/>\n<script type=\"application\/ld+json\" class=\"yoast-schema-graph\">{\"@context\":\"https:\/\/schema.org\",\"@graph\":[{\"@type\":\"WebPage\",\"@id\":\"https:\/\/haitianinter.com\/de\/esg-report\/environmental-management-system-and-audits\/\",\"url\":\"https:\/\/haitianinter.com\/de\/esg-report\/environmental-management-system-and-audits\/\",\"name\":\"Umweltmanagementsystem und Audits - Haitian International\",\"isPartOf\":{\"@id\":\"https:\/\/haitianinter.com\/de\/#website\"},\"datePublished\":\"2024-11-07T09:30:28+00:00\",\"dateModified\":\"2024-12-19T15:07:22+00:00\",\"breadcrumb\":{\"@id\":\"https:\/\/haitianinter.com\/de\/esg-report\/environmental-management-system-and-audits\/#breadcrumb\"},\"inLanguage\":\"de\",\"potentialAction\":[{\"@type\":\"ReadAction\",\"target\":[\"https:\/\/haitianinter.com\/de\/esg-report\/environmental-management-system-and-audits\/\"]}]},{\"@type\":\"BreadcrumbList\",\"@id\":\"https:\/\/haitianinter.com\/de\/esg-report\/environmental-management-system-and-audits\/#breadcrumb\",\"itemListElement\":[{\"@type\":\"ListItem\",\"position\":1,\"name\":\"Home\",\"item\":\"https:\/\/haitianinter.com\/de\/\"},{\"@type\":\"ListItem\",\"position\":2,\"name\":\"ESG \u00dcberblick\",\"item\":\"https:\/\/haitianinter.com\/de\/esg-report\/\"},{\"@type\":\"ListItem\",\"position\":3,\"name\":\"Umweltmanagementsystem und Audits\"}]},{\"@type\":\"WebSite\",\"@id\":\"https:\/\/haitianinter.com\/de\/#website\",\"url\":\"https:\/\/haitianinter.com\/de\/\",\"name\":\"Haitian International\",\"description\":\"We Create and Extend Advantage\",\"potentialAction\":[{\"@type\":\"SearchAction\",\"target\":{\"@type\":\"EntryPoint\",\"urlTemplate\":\"https:\/\/haitianinter.com\/de\/?s={search_term_string}\"},\"query-input\":{\"@type\":\"PropertyValueSpecification\",\"valueRequired\":true,\"valueName\":\"search_term_string\"}}],\"inLanguage\":\"de\"}]}<\/script>\n<!-- \/ Yoast SEO plugin. -->","yoast_head_json":{"title":"Umweltmanagementsystem und Audits - Haitian International","robots":{"index":"index","follow":"follow","max-snippet":"max-snippet:-1","max-image-preview":"max-image-preview:large","max-video-preview":"max-video-preview:-1"},"canonical":"https:\/\/haitianinter.com\/de\/esg-report\/environmental-management-system-and-audits\/","og_locale":"de_DE","og_type":"article","og_title":"Umweltmanagementsystem und Audits - Haitian International","og_description":"Umweltmanagementsystem und AuditsRichtlinie zum Umgang mit giftigen Stoffen und EmissionenEinhaltung des Umweltschutzgesetzes der Volksrepublik China, des Gesetzes zur Verh\u00fctung und Kontrolle der Luftverschmutzung der Volksrepublik China, des Gesetzes zur Verh\u00fctung und Kontrolle der Wasserverschmutzung der Volksrepublik China, des Gesetzes der Volksrepublik China zur Verh\u00fctung und Kontrolle der Umweltverschmutzung durch feste Abf\u00e4lle,Gem\u00e4\u00df dem Gesetz der Volksrepublik [&hellip;]","og_url":"https:\/\/haitianinter.com\/de\/esg-report\/environmental-management-system-and-audits\/","og_site_name":"Haitian International","article_modified_time":"2024-12-19T15:07:22+00:00","twitter_card":"summary_large_image","twitter_misc":{"Gesch\u00e4tzte Lesezeit":"7\u00a0Minuten"},"schema":{"@context":"https:\/\/schema.org","@graph":[{"@type":"WebPage","@id":"https:\/\/haitianinter.com\/de\/esg-report\/environmental-management-system-and-audits\/","url":"https:\/\/haitianinter.com\/de\/esg-report\/environmental-management-system-and-audits\/","name":"Umweltmanagementsystem und Audits - Haitian International","isPartOf":{"@id":"https:\/\/haitianinter.com\/de\/#website"},"datePublished":"2024-11-07T09:30:28+00:00","dateModified":"2024-12-19T15:07:22+00:00","breadcrumb":{"@id":"https:\/\/haitianinter.com\/de\/esg-report\/environmental-management-system-and-audits\/#breadcrumb"},"inLanguage":"de","potentialAction":[{"@type":"ReadAction","target":["https:\/\/haitianinter.com\/de\/esg-report\/environmental-management-system-and-audits\/"]}]},{"@type":"BreadcrumbList","@id":"https:\/\/haitianinter.com\/de\/esg-report\/environmental-management-system-and-audits\/#breadcrumb","itemListElement":[{"@type":"ListItem","position":1,"name":"Home","item":"https:\/\/haitianinter.com\/de\/"},{"@type":"ListItem","position":2,"name":"ESG \u00dcberblick","item":"https:\/\/haitianinter.com\/de\/esg-report\/"},{"@type":"ListItem","position":3,"name":"Umweltmanagementsystem und Audits"}]},{"@type":"WebSite","@id":"https:\/\/haitianinter.com\/de\/#website","url":"https:\/\/haitianinter.com\/de\/","name":"Haitian International","description":"We Create and Extend Advantage","potentialAction":[{"@type":"SearchAction","target":{"@type":"EntryPoint","urlTemplate":"https:\/\/haitianinter.com\/de\/?s={search_term_string}"},"query-input":{"@type":"PropertyValueSpecification","valueRequired":true,"valueName":"search_term_string"}}],"inLanguage":"de"}]}},"_links":{"self":[{"href":"https:\/\/haitianinter.com\/de\/wp-json\/wp\/v2\/pages\/16368","targetHints":{"allow":["GET"]}}],"collection":[{"href":"https:\/\/haitianinter.com\/de\/wp-json\/wp\/v2\/pages"}],"about":[{"href":"https:\/\/haitianinter.com\/de\/wp-json\/wp\/v2\/types\/page"}],"author":[{"embeddable":true,"href":"https:\/\/haitianinter.com\/de\/wp-json\/wp\/v2\/users\/3"}],"replies":[{"embeddable":true,"href":"https:\/\/haitianinter.com\/de\/wp-json\/wp\/v2\/comments?post=16368"}],"version-history":[{"count":1,"href":"https:\/\/haitianinter.com\/de\/wp-json\/wp\/v2\/pages\/16368\/revisions"}],"predecessor-version":[{"id":16372,"href":"https:\/\/haitianinter.com\/de\/wp-json\/wp\/v2\/pages\/16368\/revisions\/16372"}],"up":[{"embeddable":true,"href":"https:\/\/haitianinter.com\/de\/wp-json\/wp\/v2\/pages\/16349"}],"wp:attachment":[{"href":"https:\/\/haitianinter.com\/de\/wp-json\/wp\/v2\/media?parent=16368"}],"curies":[{"name":"wp","href":"https:\/\/api.w.org\/{rel}","templated":true}]}}