{"id":16361,"date":"2024-09-05T14:32:34","date_gmt":"2024-09-05T12:32:34","guid":{"rendered":"https:\/\/haitianinter.com\/esg-report\/integritaetsberichte\/"},"modified":"2025-04-25T14:45:12","modified_gmt":"2025-04-25T12:45:12","slug":"integrity-reporting","status":"publish","type":"page","link":"https:\/\/haitianinter.com\/de\/esg-report\/integrity-reporting\/","title":{"rendered":"Integrit\u00e4tsberichte"},"content":{"rendered":"<p>[et_pb_section fb_built=&#8220;1&#8243; fullwidth=&#8220;on&#8220; module_class=&#8220;teaser-image-under-text&#8220; _builder_version=&#8220;4.22.2&#8243; _module_preset=&#8220;default&#8220; locked=&#8220;off&#8220; global_colors_info=&#8220;{}&#8220;][et_pb_fullwidth_header text_orientation=&#8220;center&#8220; header_fullscreen=&#8220;on&#8220; header_image_url=&#8220;https:\/\/haitianinter.com\/wp-content\/uploads\/sites\/3\/2024\/09\/ESG_reports.jpg&#8220; image_orientation=&#8220;bottom&#8220; _builder_version=&#8220;4.27.0&#8243; _module_preset=&#8220;default&#8220; background_enable_color=&#8220;off&#8220; background_layout=&#8220;light&#8220; global_colors_info=&#8220;{}&#8220;][\/et_pb_fullwidth_header][\/et_pb_section][et_pb_section fb_built=&#8220;1&#8243; _builder_version=&#8220;4.27.2&#8243; _module_preset=&#8220;default&#8220; global_colors_info=&#8220;{}&#8220;][et_pb_row _builder_version=&#8220;4.27.0&#8243; _module_preset=&#8220;default&#8220; global_colors_info=&#8220;{}&#8220;][et_pb_column type=&#8220;4_4&#8243; _builder_version=&#8220;4.27.0&#8243; _module_preset=&#8220;default&#8220; global_colors_info=&#8220;{}&#8220;][et_pb_text _builder_version=&#8220;4.27.0&#8243; _module_preset=&#8220;default&#8220; global_colors_info=&#8220;{}&#8220;]<\/p>\n<h1 style=\"text-align: center\">Unser Bekenntnis zur Integrit\u00e4t<\/h1>\n<p>[\/et_pb_text][\/et_pb_column][\/et_pb_row][et_pb_row _builder_version=&#8220;4.27.2&#8243; _module_preset=&#8220;default&#8220; global_colors_info=&#8220;{}&#8220;][et_pb_column type=&#8220;4_4&#8243; _builder_version=&#8220;4.27.2&#8243; _module_preset=&#8220;default&#8220; global_colors_info=&#8220;{}&#8220;][et_pb_text _builder_version=&#8220;4.27.2&#8243; _module_preset=&#8220;default&#8220; global_colors_info=&#8220;{}&#8220;]<\/p>\n<h5 style=\"text-align: center\">Haitian International f\u00f6rdert eine Kultur der Integrit\u00e4t und Verantwortlichkeit. Mit klaren Meldewegen, strengen Vertraulichkeitsma\u00dfnahmen und einem soliden Schutz vor Vergeltungsma\u00dfnahmen stellen wir sicher, dass Hinweisgeber Fehlverhalten sicher melden und zu einem transparenten Arbeitsplatz beitragen k\u00f6nnen. <\/h5>\n<p>[\/et_pb_text][\/et_pb_column][\/et_pb_row][\/et_pb_section][et_pb_section fb_built=&#8220;1&#8243; admin_label=&#8220;Section Text-Image-Box-light&#8220; module_class=&#8220;section-text-image-box&#8220; _builder_version=&#8220;4.22.2&#8243; _module_preset=&#8220;default&#8220; background_enable_color=&#8220;off&#8220; background_enable_image=&#8220;off&#8220; custom_margin=&#8220;||||false&#8220; locked=&#8220;off&#8220; global_colors_info=&#8220;{}&#8220;][et_pb_row column_structure=&#8220;1_2,1_2&#8243; use_custom_gutter=&#8220;on&#8220; make_equal=&#8220;on&#8220; module_class=&#8220;icon-mirror-left&#8220; _builder_version=&#8220;4.27.2&#8243; _module_preset=&#8220;default&#8220; background_enable_color=&#8220;off&#8220; custom_padding=&#8220;0px||0px||true|false&#8220; global_colors_info=&#8220;{}&#8220;][et_pb_column type=&#8220;1_2&#8243; _builder_version=&#8220;4.27.0&#8243; _module_preset=&#8220;default&#8220; background_enable_color=&#8220;off&#8220; global_colors_info=&#8220;{}&#8220;][et_pb_text admin_label=&#8220;Headline&#8220; _builder_version=&#8220;4.22.2&#8243; _module_preset=&#8220;default&#8220; global_colors_info=&#8220;{}&#8220;]<\/p>\n<h5><strong>Integrit\u00e4tsbericht<\/strong><\/h5>\n<p>[\/et_pb_text][et_pb_text admin_label=&#8220;Content&#8220; _builder_version=&#8220;4.22.2&#8243; _module_preset=&#8220;default&#8220; locked=&#8220;off&#8220; global_colors_info=&#8220;{}&#8220;]<\/p>\n<h5>Haitian International ermutigt seine Stakeholder, Fehlverhalten \u00fcber Vorgesetzte, die Abteilung f\u00fcr interne Kontrolle oder einen unabh\u00e4ngigen Rechtsberater zu melden. Meldungen, ob anonym oder namentlich, werden gr\u00fcndlich untersucht. Nachgewiesene F\u00e4lle werden umgehend bearbeitet, w\u00e4hrend falsche, b\u00f6swillige Meldungen disziplinarische Ma\u00dfnahmen bis hin zur Entlassung nach sich ziehen.  <\/h5>\n<p>[\/et_pb_text][\/et_pb_column][et_pb_column type=&#8220;1_2&#8243; _builder_version=&#8220;4.27.2&#8243; _module_preset=&#8220;default&#8220; background_image=&#8220;https:\/\/haitianinter.com\/wp-content\/uploads\/sites\/3\/2024\/11\/ESG_integrity-report.jpg&#8220; global_colors_info=&#8220;{}&#8220;][\/et_pb_column][\/et_pb_row][et_pb_row column_structure=&#8220;1_2,1_2&#8243; use_custom_gutter=&#8220;on&#8220; make_equal=&#8220;on&#8220; module_class=&#8220;icon-mirror-left&#8220; _builder_version=&#8220;4.27.2&#8243; _module_preset=&#8220;default&#8220; background_enable_color=&#8220;off&#8220; custom_padding=&#8220;0px||0px||true|false&#8220; global_colors_info=&#8220;{}&#8220;][et_pb_column type=&#8220;1_2&#8243; _builder_version=&#8220;4.27.2&#8243; _module_preset=&#8220;default&#8220; background_image=&#8220;https:\/\/haitianinter.com\/wp-content\/uploads\/sites\/3\/2024\/11\/ESG_rwhistleblow.jpg&#8220; global_colors_info=&#8220;{}&#8220;][\/et_pb_column][et_pb_column type=&#8220;1_2&#8243; _builder_version=&#8220;4.27.0&#8243; _module_preset=&#8220;default&#8220; background_enable_color=&#8220;off&#8220; global_colors_info=&#8220;{}&#8220;][et_pb_text admin_label=&#8220;Headline&#8220; _builder_version=&#8220;4.27.2&#8243; _module_preset=&#8220;default&#8220; global_colors_info=&#8220;{}&#8220;]<\/p>\n<h4>Schutz von Whistleblowern<\/h4>\n<p>[\/et_pb_text][et_pb_text admin_label=&#8220;Content&#8220; _builder_version=&#8220;4.22.2&#8243; _module_preset=&#8220;default&#8220; locked=&#8220;off&#8220; global_colors_info=&#8220;{}&#8220;]<\/p>\n<h5>Informationen von Whistleblowern sind streng vertraulich. Angaben mit echtem Namen werden nur mit schriftlicher Zustimmung und im Rahmen der gesetzlichen Bestimmungen weitergegeben. Berichte werden, wenn n\u00f6tig, de-identifiziert. Ein externer Rechtsbeistand gew\u00e4hrleistet die Vertraulichkeit nach dem Strafprozess- und Anwaltsgesetz, um die Identit\u00e4t und die Berichte von Hinweisgebern zu sch\u00fctzen.   <\/h5>\n<p>[\/et_pb_text][\/et_pb_column][\/et_pb_row][et_pb_row column_structure=&#8220;1_2,1_2&#8243; use_custom_gutter=&#8220;on&#8220; make_equal=&#8220;on&#8220; module_class=&#8220;icon-mirror-left&#8220; _builder_version=&#8220;4.27.2&#8243; _module_preset=&#8220;default&#8220; background_enable_color=&#8220;off&#8220; custom_padding=&#8220;0px||0px||true|false&#8220; global_colors_info=&#8220;{}&#8220;][et_pb_column type=&#8220;1_2&#8243; _builder_version=&#8220;4.27.0&#8243; _module_preset=&#8220;default&#8220; background_enable_color=&#8220;off&#8220; global_colors_info=&#8220;{}&#8220;][et_pb_text admin_label=&#8220;Headline&#8220; _builder_version=&#8220;4.27.2&#8243; _module_preset=&#8220;default&#8220; global_colors_info=&#8220;{}&#8220;]<\/p>\n<h4>Schutz vor Vergeltungsma\u00dfnahmen<\/h4>\n<p>[\/et_pb_text][et_pb_text admin_label=&#8220;Content&#8220; _builder_version=&#8220;4.22.2&#8243; _module_preset=&#8220;default&#8220; locked=&#8220;off&#8220; global_colors_info=&#8220;{}&#8220;]<\/p>\n<h5>Die Gruppe verbietet Vergeltungsma\u00dfnahmen gegen Whistleblower, die in gutem Glauben handeln. Personen, die mit Vergeltungsma\u00dfnahmen konfrontiert werden, k\u00f6nnen sich an die Abteilung f\u00fcr interne Kontrolle wenden, die Untersuchungen durchf\u00fchrt, Disziplinarma\u00dfnahmen durchsetzt, f\u00fcr Anpassungen am Arbeitsplatz sorgt und bei Bedarf die Beh\u00f6rden informiert. Bei Bedarf wird auch rechtliche Unterst\u00fctzung geleistet.  <\/h5>\n<p>[\/et_pb_text][\/et_pb_column][et_pb_column type=&#8220;1_2&#8243; _builder_version=&#8220;4.27.2&#8243; _module_preset=&#8220;default&#8220; background_image=&#8220;https:\/\/haitianinter.com\/wp-content\/uploads\/sites\/3\/2024\/11\/ESG_protection.jpg&#8220; global_colors_info=&#8220;{}&#8220;][\/et_pb_column][\/et_pb_row][\/et_pb_section][et_pb_section fb_built=&#8220;1&#8243; module_class=&#8220;section-text-image-box&#8220; _builder_version=&#8220;4.27.0&#8243; _module_preset=&#8220;default&#8220; global_colors_info=&#8220;{}&#8220;][et_pb_row column_structure=&#8220;1_2,1_2&#8243; make_equal=&#8220;on&#8220; _builder_version=&#8220;4.27.2&#8243; _module_preset=&#8220;default&#8220; global_colors_info=&#8220;{}&#8220;][et_pb_column type=&#8220;1_2&#8243; module_class=&#8220;light&#8220; _builder_version=&#8220;4.27.0&#8243; _module_preset=&#8220;default&#8220; global_colors_info=&#8220;{}&#8220;][et_pb_text _builder_version=&#8220;4.27.0&#8243; _module_preset=&#8220;default&#8220; global_colors_info=&#8220;{}&#8220;]<\/p>\n<h3>Abteilung Interne Kontrolle<\/h3>\n<p>T: 0574-86188652<br \/><a href=\"htlz@mail.haitian.com\" target=\"_blank\" rel=\"noopener\">htlz@mail.haitian.com<\/a><\/p>\n<p>[\/et_pb_text][\/et_pb_column][et_pb_column type=&#8220;1_2&#8243; module_class=&#8220;dark&#8220; _builder_version=&#8220;4.27.2&#8243; _module_preset=&#8220;default&#8220; global_colors_info=&#8220;{}&#8220;][et_pb_text _builder_version=&#8220;4.27.4&#8243; _module_preset=&#8220;default&#8220; background_layout=&#8220;dark&#8220; hover_enabled=&#8220;0&#8243; global_colors_info=&#8220;{}&#8220; sticky_enabled=&#8220;0&#8243;]<\/p>\n<h3><span style=\"color: #ffffff\">Externer unabh\u00e4ngiger Rechtsbeistand<\/span><\/h3>\n<p><span style=\"color: #ffffff\">T: 0574-87193704<\/span><br \/><span style=\"color: #ffffff\"><a href=\"lihua.xu@dentons.cn\" target=\"_blank\" rel=\"noopener\" style=\"color: #ffffff\">lihua.xu@dentons.cn<\/a><\/span><\/p>\n<p>[\/et_pb_text][\/et_pb_column][\/et_pb_row][\/et_pb_section]<\/p>\n","protected":false},"excerpt":{"rendered":"<p>Unser Bekenntnis zur Integrit\u00e4tHaitian International f\u00f6rdert eine Kultur der Integrit\u00e4t und Verantwortlichkeit. Mit klaren Meldewegen, strengen Vertraulichkeitsma\u00dfnahmen und einem soliden Schutz vor Vergeltungsma\u00dfnahmen stellen wir sicher, dass Hinweisgeber Fehlverhalten sicher melden und zu einem transparenten Arbeitsplatz beitragen k\u00f6nnen. Integrit\u00e4tsberichtHaitian International ermutigt seine Stakeholder, Fehlverhalten \u00fcber Vorgesetzte, die Abteilung f\u00fcr interne Kontrolle oder einen unabh\u00e4ngigen Rechtsberater [&hellip;]<\/p>\n","protected":false},"author":1,"featured_media":0,"parent":16349,"menu_order":0,"comment_status":"closed","ping_status":"closed","template":"","meta":{"_et_pb_use_builder":"on","_et_pb_old_content":"","_et_gb_content_width":"","footnotes":""},"class_list":["post-16361","page","type-page","status-publish","hentry"],"yoast_head":"<!-- This site is optimized with the Yoast SEO plugin v27.2 - https:\/\/yoast.com\/product\/yoast-seo-wordpress\/ -->\n<title>Integrit\u00e4tsberichte - Haitian International<\/title>\n<meta name=\"robots\" content=\"index, follow, max-snippet:-1, max-image-preview:large, max-video-preview:-1\" \/>\n<link rel=\"canonical\" href=\"https:\/\/haitianinter.com\/de\/esg-report\/integrity-reporting\/\" \/>\n<meta property=\"og:locale\" content=\"de_DE\" \/>\n<meta property=\"og:type\" content=\"article\" \/>\n<meta property=\"og:title\" content=\"Integrit\u00e4tsberichte - Haitian International\" \/>\n<meta property=\"og:description\" content=\"Unser Bekenntnis zur Integrit\u00e4tHaitian International f\u00f6rdert eine Kultur der Integrit\u00e4t und Verantwortlichkeit. Mit klaren Meldewegen, strengen Vertraulichkeitsma\u00dfnahmen und einem soliden Schutz vor Vergeltungsma\u00dfnahmen stellen wir sicher, dass Hinweisgeber Fehlverhalten sicher melden und zu einem transparenten Arbeitsplatz beitragen k\u00f6nnen. Integrit\u00e4tsberichtHaitian International ermutigt seine Stakeholder, Fehlverhalten \u00fcber Vorgesetzte, die Abteilung f\u00fcr interne Kontrolle oder einen unabh\u00e4ngigen Rechtsberater [&hellip;]\" \/>\n<meta property=\"og:url\" content=\"https:\/\/haitianinter.com\/de\/esg-report\/integrity-reporting\/\" \/>\n<meta property=\"og:site_name\" content=\"Haitian International\" \/>\n<meta property=\"article:modified_time\" content=\"2025-04-25T12:45:12+00:00\" \/>\n<meta name=\"twitter:card\" content=\"summary_large_image\" \/>\n<meta name=\"twitter:label1\" content=\"Gesch\u00e4tzte Lesezeit\" \/>\n\t<meta name=\"twitter:data1\" content=\"5\u00a0Minuten\" \/>\n<script type=\"application\/ld+json\" class=\"yoast-schema-graph\">{\"@context\":\"https:\/\/schema.org\",\"@graph\":[{\"@type\":\"WebPage\",\"@id\":\"https:\/\/haitianinter.com\/de\/esg-report\/integrity-reporting\/\",\"url\":\"https:\/\/haitianinter.com\/de\/esg-report\/integrity-reporting\/\",\"name\":\"Integrit\u00e4tsberichte - Haitian International\",\"isPartOf\":{\"@id\":\"https:\/\/haitianinter.com\/de\/#website\"},\"datePublished\":\"2024-09-05T12:32:34+00:00\",\"dateModified\":\"2025-04-25T12:45:12+00:00\",\"breadcrumb\":{\"@id\":\"https:\/\/haitianinter.com\/de\/esg-report\/integrity-reporting\/#breadcrumb\"},\"inLanguage\":\"de\",\"potentialAction\":[{\"@type\":\"ReadAction\",\"target\":[\"https:\/\/haitianinter.com\/de\/esg-report\/integrity-reporting\/\"]}]},{\"@type\":\"BreadcrumbList\",\"@id\":\"https:\/\/haitianinter.com\/de\/esg-report\/integrity-reporting\/#breadcrumb\",\"itemListElement\":[{\"@type\":\"ListItem\",\"position\":1,\"name\":\"Home\",\"item\":\"https:\/\/haitianinter.com\/de\/\"},{\"@type\":\"ListItem\",\"position\":2,\"name\":\"ESG \u00dcberblick\",\"item\":\"https:\/\/haitianinter.com\/de\/esg-report\/\"},{\"@type\":\"ListItem\",\"position\":3,\"name\":\"Integrit\u00e4tsberichte\"}]},{\"@type\":\"WebSite\",\"@id\":\"https:\/\/haitianinter.com\/de\/#website\",\"url\":\"https:\/\/haitianinter.com\/de\/\",\"name\":\"Haitian International\",\"description\":\"We Create and Extend Advantage\",\"potentialAction\":[{\"@type\":\"SearchAction\",\"target\":{\"@type\":\"EntryPoint\",\"urlTemplate\":\"https:\/\/haitianinter.com\/de\/?s={search_term_string}\"},\"query-input\":{\"@type\":\"PropertyValueSpecification\",\"valueRequired\":true,\"valueName\":\"search_term_string\"}}],\"inLanguage\":\"de\"}]}<\/script>\n<!-- \/ Yoast SEO plugin. -->","yoast_head_json":{"title":"Integrit\u00e4tsberichte - Haitian International","robots":{"index":"index","follow":"follow","max-snippet":"max-snippet:-1","max-image-preview":"max-image-preview:large","max-video-preview":"max-video-preview:-1"},"canonical":"https:\/\/haitianinter.com\/de\/esg-report\/integrity-reporting\/","og_locale":"de_DE","og_type":"article","og_title":"Integrit\u00e4tsberichte - Haitian International","og_description":"Unser Bekenntnis zur Integrit\u00e4tHaitian International f\u00f6rdert eine Kultur der Integrit\u00e4t und Verantwortlichkeit. Mit klaren Meldewegen, strengen Vertraulichkeitsma\u00dfnahmen und einem soliden Schutz vor Vergeltungsma\u00dfnahmen stellen wir sicher, dass Hinweisgeber Fehlverhalten sicher melden und zu einem transparenten Arbeitsplatz beitragen k\u00f6nnen. Integrit\u00e4tsberichtHaitian International ermutigt seine Stakeholder, Fehlverhalten \u00fcber Vorgesetzte, die Abteilung f\u00fcr interne Kontrolle oder einen unabh\u00e4ngigen Rechtsberater [&hellip;]","og_url":"https:\/\/haitianinter.com\/de\/esg-report\/integrity-reporting\/","og_site_name":"Haitian International","article_modified_time":"2025-04-25T12:45:12+00:00","twitter_card":"summary_large_image","twitter_misc":{"Gesch\u00e4tzte Lesezeit":"5\u00a0Minuten"},"schema":{"@context":"https:\/\/schema.org","@graph":[{"@type":"WebPage","@id":"https:\/\/haitianinter.com\/de\/esg-report\/integrity-reporting\/","url":"https:\/\/haitianinter.com\/de\/esg-report\/integrity-reporting\/","name":"Integrit\u00e4tsberichte - Haitian International","isPartOf":{"@id":"https:\/\/haitianinter.com\/de\/#website"},"datePublished":"2024-09-05T12:32:34+00:00","dateModified":"2025-04-25T12:45:12+00:00","breadcrumb":{"@id":"https:\/\/haitianinter.com\/de\/esg-report\/integrity-reporting\/#breadcrumb"},"inLanguage":"de","potentialAction":[{"@type":"ReadAction","target":["https:\/\/haitianinter.com\/de\/esg-report\/integrity-reporting\/"]}]},{"@type":"BreadcrumbList","@id":"https:\/\/haitianinter.com\/de\/esg-report\/integrity-reporting\/#breadcrumb","itemListElement":[{"@type":"ListItem","position":1,"name":"Home","item":"https:\/\/haitianinter.com\/de\/"},{"@type":"ListItem","position":2,"name":"ESG \u00dcberblick","item":"https:\/\/haitianinter.com\/de\/esg-report\/"},{"@type":"ListItem","position":3,"name":"Integrit\u00e4tsberichte"}]},{"@type":"WebSite","@id":"https:\/\/haitianinter.com\/de\/#website","url":"https:\/\/haitianinter.com\/de\/","name":"Haitian International","description":"We Create and Extend Advantage","potentialAction":[{"@type":"SearchAction","target":{"@type":"EntryPoint","urlTemplate":"https:\/\/haitianinter.com\/de\/?s={search_term_string}"},"query-input":{"@type":"PropertyValueSpecification","valueRequired":true,"valueName":"search_term_string"}}],"inLanguage":"de"}]}},"_links":{"self":[{"href":"https:\/\/haitianinter.com\/de\/wp-json\/wp\/v2\/pages\/16361","targetHints":{"allow":["GET"]}}],"collection":[{"href":"https:\/\/haitianinter.com\/de\/wp-json\/wp\/v2\/pages"}],"about":[{"href":"https:\/\/haitianinter.com\/de\/wp-json\/wp\/v2\/types\/page"}],"author":[{"embeddable":true,"href":"https:\/\/haitianinter.com\/de\/wp-json\/wp\/v2\/users\/1"}],"replies":[{"embeddable":true,"href":"https:\/\/haitianinter.com\/de\/wp-json\/wp\/v2\/comments?post=16361"}],"version-history":[{"count":7,"href":"https:\/\/haitianinter.com\/de\/wp-json\/wp\/v2\/pages\/16361\/revisions"}],"predecessor-version":[{"id":18853,"href":"https:\/\/haitianinter.com\/de\/wp-json\/wp\/v2\/pages\/16361\/revisions\/18853"}],"up":[{"embeddable":true,"href":"https:\/\/haitianinter.com\/de\/wp-json\/wp\/v2\/pages\/16349"}],"wp:attachment":[{"href":"https:\/\/haitianinter.com\/de\/wp-json\/wp\/v2\/media?parent=16361"}],"curies":[{"name":"wp","href":"https:\/\/api.w.org\/{rel}","templated":true}]}}